{"id":139,"date":"2020-11-04T15:18:31","date_gmt":"2020-11-04T14:18:31","guid":{"rendered":"https:\/\/together.dergoldbroiler.com\/?page_id=139"},"modified":"2022-08-05T10:31:15","modified_gmt":"2022-08-05T08:31:15","slug":"orte","status":"publish","type":"page","link":"https:\/\/together.dergoldbroiler.com\/fr\/together-2\/orte\/","title":{"rendered":"Lieux &#038; points de rencontre"},"content":{"rendered":"<p>Dans les lieux de rencontre together de la Ruhr et du Bas-Rhin, tu peux rencontrer en toute d\u00e9contraction d&#8217;autres jeunes LGBT*I* de ta r\u00e9gion. Il suffit de passer ou de prendre rendez-vous ! Id\u00e9al pour une premi\u00e8re fois : la journ\u00e9e des nouveaux arrivants KOMPASS (voir ci-dessous).<\/p>\n<p>Tu trouveras les heures d&#8217;ouverture actuelles sous Actualit\u00e9s, class\u00e9es par lieux, jours ou groupes. Voici les premi\u00e8res impressions &#038; les coordonn\u00e9es de contact :<\/p>\n","protected":false},"excerpt":{"rendered":"<p>Dans les lieux de rencontre together de la Ruhr et du Bas-Rhin, tu peux rencontrer en toute d\u00e9contraction d&#8217;autres jeunes LGBT*I* de ta r\u00e9gion. Il suffit de passer ou de prendre rendez-vous ! Id\u00e9al pour une premi\u00e8re fois : la journ\u00e9e des nouveaux arrivants KOMPASS (voir ci-dessous). Tu trouveras les heures d&#8217;ouverture actuelles sous Actualit\u00e9s, [&hellip;]<\/p>\n","protected":false},"author":1,"featured_media":470,"parent":7,"menu_order":0,"comment_status":"closed","ping_status":"closed","template":"page-orte.php","meta":[],"acf":[],"_links":{"self":[{"href":"https:\/\/together.dergoldbroiler.com\/fr\/wp-json\/wp\/v2\/pages\/139"}],"collection":[{"href":"https:\/\/together.dergoldbroiler.com\/fr\/wp-json\/wp\/v2\/pages"}],"about":[{"href":"https:\/\/together.dergoldbroiler.com\/fr\/wp-json\/wp\/v2\/types\/page"}],"author":[{"embeddable":true,"href":"https:\/\/together.dergoldbroiler.com\/fr\/wp-json\/wp\/v2\/users\/1"}],"replies":[{"embeddable":true,"href":"https:\/\/together.dergoldbroiler.com\/fr\/wp-json\/wp\/v2\/comments?post=139"}],"version-history":[{"count":11,"href":"https:\/\/together.dergoldbroiler.com\/fr\/wp-json\/wp\/v2\/pages\/139\/revisions"}],"predecessor-version":[{"id":2716,"href":"https:\/\/together.dergoldbroiler.com\/fr\/wp-json\/wp\/v2\/pages\/139\/revisions\/2716"}],"up":[{"embeddable":true,"href":"https:\/\/together.dergoldbroiler.com\/fr\/wp-json\/wp\/v2\/pages\/7"}],"wp:featuredmedia":[{"embeddable":true,"href":"https:\/\/together.dergoldbroiler.com\/fr\/wp-json\/wp\/v2\/media\/470"}],"wp:attachment":[{"href":"https:\/\/together.dergoldbroiler.com\/fr\/wp-json\/wp\/v2\/media?parent=139"}],"curies":[{"name":"wp","href":"https:\/\/api.w.org\/{rel}","templated":true}]}}