{"id":141,"date":"2020-11-04T15:18:47","date_gmt":"2020-11-04T14:18:47","guid":{"rendered":"https:\/\/together.dergoldbroiler.com\/?page_id=141"},"modified":"2022-08-05T10:40:14","modified_gmt":"2022-08-05T08:40:14","slug":"menschen","status":"publish","type":"page","link":"https:\/\/together.dergoldbroiler.com\/fr\/menschen\/","title":{"rendered":"Personnes"},"content":{"rendered":"<p>Tu rencontreras des jeunes LGBT*I* au together. Tu peux d\u00e9j\u00e0 faire la connaissance de quelques-un.e.s des membres du personnel. L&#8217;un d&#8217;entre eux\/elles est toujours sur place pendant les heures d&#8217;ouverture et se tiennent \u00e0 disposition comme interlocuteur.trice pour toutes les actions, id\u00e9es, difficult\u00e9s et questions personnelles. Tou.te.s ont une formation p\u00e9dagogique et prennent la confidentialit\u00e9 tr\u00e8s au s\u00e9rieux. Ils\/elles ne veulent pas seulement te soutenir &#8211; si n\u00e9cessaire &#8211; mais aussi te faire penser \u00e0 autre chose de temps en temps, encourager le plaisir et la communaut\u00e9.<\/p>\n<p>Pour le reste, ils\/elles sont &#8211; heureusement &#8211; tr\u00e8s diff\u00e9rent.e.s les un.e.s des autres!<\/p>\n","protected":false},"excerpt":{"rendered":"<p>Tu rencontreras des jeunes LGBT*I* au together. Tu peux d\u00e9j\u00e0 faire la connaissance de quelques-un.e.s des membres du personnel. L&#8217;un d&#8217;entre eux\/elles est toujours sur place pendant les heures d&#8217;ouverture et se tiennent \u00e0 disposition comme interlocuteur.trice pour toutes les actions, id\u00e9es, difficult\u00e9s et questions personnelles. Tou.te.s ont une formation p\u00e9dagogique et prennent la confidentialit\u00e9 [&hellip;]<\/p>\n","protected":false},"author":1,"featured_media":437,"parent":0,"menu_order":0,"comment_status":"closed","ping_status":"closed","template":"","meta":[],"acf":[],"_links":{"self":[{"href":"https:\/\/together.dergoldbroiler.com\/fr\/wp-json\/wp\/v2\/pages\/141"}],"collection":[{"href":"https:\/\/together.dergoldbroiler.com\/fr\/wp-json\/wp\/v2\/pages"}],"about":[{"href":"https:\/\/together.dergoldbroiler.com\/fr\/wp-json\/wp\/v2\/types\/page"}],"author":[{"embeddable":true,"href":"https:\/\/together.dergoldbroiler.com\/fr\/wp-json\/wp\/v2\/users\/1"}],"replies":[{"embeddable":true,"href":"https:\/\/together.dergoldbroiler.com\/fr\/wp-json\/wp\/v2\/comments?post=141"}],"version-history":[{"count":11,"href":"https:\/\/together.dergoldbroiler.com\/fr\/wp-json\/wp\/v2\/pages\/141\/revisions"}],"predecessor-version":[{"id":2723,"href":"https:\/\/together.dergoldbroiler.com\/fr\/wp-json\/wp\/v2\/pages\/141\/revisions\/2723"}],"wp:featuredmedia":[{"embeddable":true,"href":"https:\/\/together.dergoldbroiler.com\/fr\/wp-json\/wp\/v2\/media\/437"}],"wp:attachment":[{"href":"https:\/\/together.dergoldbroiler.com\/fr\/wp-json\/wp\/v2\/media?parent=141"}],"curies":[{"name":"wp","href":"https:\/\/api.w.org\/{rel}","templated":true}]}}