{"id":143,"date":"2020-11-04T15:18:55","date_gmt":"2020-11-04T14:18:55","guid":{"rendered":"https:\/\/together.dergoldbroiler.com\/?page_id=143"},"modified":"2022-08-05T11:14:54","modified_gmt":"2022-08-05T09:14:54","slug":"der-verein","status":"publish","type":"page","link":"https:\/\/together.dergoldbroiler.com\/fr\/together-2\/der-verein\/","title":{"rendered":"Association &#038; porteur_euse"},"content":{"rendered":"<p style=\"text-align: center;\">Les projets de jeunes together sont organis\u00e9s et g\u00e9r\u00e9s par l&#8217;association SVLS e.V.. Avec cette association \u00e0 but non lucratif, des lesbiennes, des gays, des bisexuels, des trans* et des personnes vivant avec le VIH\/sida de tous \u00e2ges et de diff\u00e9rentes cultures s&#8217;engagent ensemble depuis 1998 pour plus de visibilit\u00e9 et d&#8217;acceptation de la diversit\u00e9 des formes et des modes de vie. En rendant possible la cr\u00e9ation de communaut\u00e9s, nous avons pour objectif de soutenir et d&#8217;encourager les personnes \u00e0 vivre leur orientation sexuelle et\/ou leur identit\u00e9 de genre en toute confiance. L&#8217;accent est mis sur les jeunes LGBT* et leurs d\u00e9fis particuliers, ainsi que sur les LGBT* en crise ou dans des situations de vie difficiles. C&#8217;est surtout dans les domaines du travail (en milieu ouvert) avec les jeunes, du conseil psychosocial et de la pr\u00e9vention du VIH\/des IST (infections sexuellement transmissibles) que nous avons pu former et d\u00e9velopper nos comp\u00e9tences cl\u00e9s, en partie en tant que pionnier.e.s.<\/p>\n<p style=\"text-align: center;\"><strong>La diversit\u00e9 v\u00e9cue, la solidarit\u00e9, la curiosit\u00e9, la cr\u00e9ativit\u00e9 et l&#8217;humour sont nos points forts.<\/strong> Pour toutes les offres, nous ne misons pas sur le plus petit d\u00e9nominateur commun. Avec une grande vari\u00e9t\u00e9 de formes, de m\u00e9thodes, de talents et de ressources subculturelles, nous nous adressons concr\u00e8tement et de mani\u00e8re partisane aux personnes et aux groupes cibles les plus divers. Tout ne doit pas forc\u00e9ment convenir \u00e0 tout le monde, mais il doit y avoir quelque chose de correct pour chacun.e. Pour nous, il est essentiel de combiner les comp\u00e9tences professionnelles en mati\u00e8re de p\u00e9dagogie (sociale) ou de travail social et les comp\u00e9tences pratiques en mati\u00e8re de vie quotidienne, ainsi que la participation directe du ou des groupes cibles concern\u00e9s. Plus que des exigences individuelles, nous consid\u00e9rons que le dialogue ouvert, dans lequel tou.te.s sont entendu.e.s, est la base d&#8217;une compr\u00e9hension mutuelle et de changements.<\/p>\n<p style=\"text-align: center;\">Pour nos groupes cibles, l&#8217;acceptation et la diversit\u00e9, nous participons avec assurance aux discussions sociopolitiques, coop\u00e9rons avec d&#8217;autres organisations, nous engageons dans diff\u00e9rentes organisations de controlle et &#8211; en tant qu&#8217;organisme d&#8217;aide \u00e0 la jeunesse reconnu &#8211; dans des communaut\u00e9s de travail pour la planification de l&#8217;aide \u00e0 la jeunesse. Chaque fois que cela est possible, il est essentiel pour nous d&#8217;impliquer le(s) groupe(s) cible(s) lui-m\u00eame(s) en les activant et en leur ouvrant la voie.<\/p>\n<p style=\"text-align: center;\"><strong>Nous entretenons une vie associative active.<\/strong> M\u00eame si de nombreuses offres sont d\u00e9sormais financ\u00e9es par des fonds publics et encadr\u00e9es par des professionnels, nos membres sont un pilier tr\u00e8s important de l&#8217;association. Ils\/elles apportent non seulement une contribution financi\u00e8re, mais marquent \u00e9galement l&#8217;association et ses offres par leur collaboration b\u00e9n\u00e9vole et leur participation aux assembl\u00e9es. Les membres du comit\u00e9 directeur, en particulier, assument une grande responsabilit\u00e9. Ils\/elles sont \u00e9lus par les membres et conseill\u00e9s et soutenus par des conseillers d&#8217;honneur (membres de longue date du comit\u00e9 directeur). Ils\/elles sont responsables de tout et sont \u00e0 l&#8217;\u00e9coute des id\u00e9es, des propositions, des critiques ou des plaintes. Afin d&#8217;obtenir une participation et une transparence maximales, les r\u00e9unions du comit\u00e9 directeur sont ouvertes aux membres. Dates sous &#8220;<a href=\"https:\/\/together-virtuell.de\/fr\/aktuelles\/news-dates\/\">News &#038; Dates<\/a>&#8220;.<\/p>\n<p style=\"text-align: center;\">Tout le monde peut participer et nous sommes heureux et heureuses d&#8217;accueillir de nouveaux et nouvelles membres engag\u00e9.e.s!<\/p>\n<p style=\"text-align: center;\">D&#8217;autres informations actualis\u00e9es sont disponibles dans la <a href=\"https:\/\/together-virtuell.de\/fr\/service\/downloads\/\">zone de t\u00e9l\u00e9chargement<\/a>:<\/p>\n<ul>\n<li style=\"text-align: center;\">Statuts de l&#8217;association, charte, r\u00e8glement des cotisations et demande d&#8217;adh\u00e9sion.<\/li>\n<li style=\"text-align: center;\">Extrait du registre des associations, rapports annuels et financiers du comit\u00e9 directeur.<\/li>\n<\/ul>\n<h3><\/h3>\n<h3 style=\"text-align: center;\"><strong>Comit\u00e9 directeur actuel<\/strong><\/h3>\n<p style=\"text-align: center;\"><div class=\"container-fluid p-0\" id=\"block-menschen\" style=\"background-color: #fff;\">\n    <div class=\"row p-0\"><div class=\"col-lg-4\">\n          <img src=\"https:\/\/together.dergoldbroiler.com\/wp-content\/uploads\/2021\/07\/together_vorstand_huberty.jpg\" class=\"img-fluid\">\n          <div class=\"vorstand-content vcontent\" >\n          <p><strong>Patrick Huberty<\/strong><br \/>\n<span style=\"font-size: 0.85em;\"><strong>Vorsitzender<\/strong><br \/>\n(im Vorstand seit 2015)<\/span><br \/>&nbsp;<\/p>\n\n        <\/div>\n        <\/div><div class=\"col-lg-4\">\n          <img src=\"https:\/\/together.dergoldbroiler.com\/wp-content\/uploads\/2021\/07\/together_vorstand_hopfinger.jpg\" class=\"img-fluid\">\n          <div class=\"vorstand-content vcontent\" >\n          <p><strong>Patrick Hopfinger<\/strong><br \/>\n<span style=\"font-size:0.85em\"><strong>Stellv. Vorsitzender<\/strong><br \/>\n(im Vorstand seit 2015)<\/span><\/p>\n\n        <\/div>\n        <\/div><div class=\"col-lg-4\">\n          <img src=\"https:\/\/together.dergoldbroiler.com\/wp-content\/uploads\/2021\/07\/together_vorstand_schrodt.jpg\" class=\"img-fluid\">\n          <div class=\"vorstand-content vcontent\" >\n          <p><strong>Torsten Schrodt<\/strong><br \/>\n<span style=\"font-size:0.85em\"><strong>Gesch\u00e4ftsf\u00fchrung<\/strong><br \/>\n(im Vorstand seit 2011)<\/span><\/p>\n\n        <\/div>\n        <\/div><div class=\"col-lg-4\">\n          <img src=\"https:\/\/together.dergoldbroiler.com\/wp-content\/uploads\/2021\/07\/together_vorstand_liss.jpg\" class=\"img-fluid\">\n          <div class=\"vorstand-content vcontent\" >\n          <p><strong>Zero Li\u00df<\/strong><br \/>\n<span style=\"font-size:0.85em\"><strong>Fachvorstand Jugend<\/strong><br \/>\n(im Vorstand seit 2017)<\/span><\/p>\n\n        <\/div>\n        <\/div><div class=\"col-lg-4\">\n          <img src=\"https:\/\/together.dergoldbroiler.com\/wp-content\/uploads\/2021\/07\/together_vorstand_lorenz.jpg\" class=\"img-fluid\">\n          <div class=\"vorstand-content vcontent\" >\n          <p><strong>Luise Lorenz<\/strong><br \/>\n<span style=\"font-size:0.85em\"><strong>Fachvorstand Beteiligung &#038; Ehrenamt<\/strong><br \/>\n(im Vorstand seit 2019)<\/span><\/p>\n\n        <\/div>\n        <\/div><div class=\"col-lg-4\">\n          <img src=\"https:\/\/together.dergoldbroiler.com\/wp-content\/uploads\/2021\/07\/together_vorstand_bracht.jpg\" class=\"img-fluid\">\n          <div class=\"vorstand-content vcontent\" >\n          <p><strong>Kevin Bracht<\/strong><br \/>\n<span style=\"font-size:0.85em\"><strong>Fachvorstand Beratung &#038; Selbsthilfe<\/strong><br \/>\n(im Vorstand seit 2019)<\/span><\/p>\n\n        <\/div>\n        <\/div><\/div><div class=\"row p-0\"><div class=\"col-lg-12 text-center\"><a href=\"mailto:vorstand@svls.de\" class=\"btn_mailadress\">vorstand@svls.de<\/a><\/div><\/div><\/div><\/p>\n<h3><\/h3>\n<h3 style=\"text-align: center;\"><strong>Conseil d&#8217;honneur de la SVLS e.V.<\/strong><\/h3>\n<p style=\"text-align: center;\"><div class=\"container-fluid p-0\" id=\"block-menschen\" style=\"background-color: #fff;\">\n    <div class=\"row p-0\"><div class=\"col-lg-4\">\n          <div class=\"vorstand-content vcontent\" >\n          <p><strong>Georg Triebels<\/strong><br \/>\n<span style=\"font-size: 0.85em;\"><strong>Conseil d\u2019honneur &#8211; puisque 2011<\/strong><br \/>\n(Comit\u00e9 directeur 2005 &#8211; 2011)<\/span><\/p>\n\n        <\/div>\n        <\/div><div class=\"col-lg-4\">\n          <img src=\"https:\/\/together.dergoldbroiler.com\/wp-content\/uploads\/2021\/07\/together_ehrenrat_papen.jpg\" class=\"img-fluid\">\n          <div class=\"vorstand-content vcontent\" >\n          <p><strong>Roy Papen<\/strong><br \/>\n<span style=\"font-size: 0.85em;\"><strong>Conseil d\u2019honneur &#8211; puisque 2011<\/strong><br \/>\n(Comit\u00e9 directeur 2005 &#8211; 2011)<\/span><\/p>\n\n        <\/div>\n        <\/div><div class=\"col-lg-4\">\n          <img src=\"https:\/\/together.dergoldbroiler.com\/wp-content\/uploads\/2021\/06\/together_ehrenrat_jansen.jpg\" class=\"img-fluid\">\n          <div class=\"vorstand-content vcontent\" >\n          <p><strong>Dr. Christoph Jansen<\/strong><br \/>\n<span style=\"font-size: 0.85em;\"><strong>Conseil d\u2019honneur &#8211; puisque 2019<\/strong><br \/>\n(Comit\u00e9 directeur 2011 &#8211; 2019)<\/span><\/p>\n\n        <\/div>\n        <\/div><\/div><div class=\"row p-0\"><div class=\"col-lg-12 text-center\"><a href=\"mailto:ehrenrat@svls.de\" class=\"btn_mailadress\">ehrenrat@svls.de<\/a><\/div><\/div><\/div><\/p>\n<div class=\"container-fluid\"><h3>Nous sommes affili\u00e9.e.s aux associations de controlle suivantes:<\/h3><p><\/p><\/div><div class=\"container-fluid\"><div class=\"d-flex justify-content-center flex-wrap\"><a target=\"_blank\" class=\"flex-a-elm p-4 shadow shadow-sm\" href=\"https:\/\/gerne-anders.de\/\"><img src=\"https:\/\/together.dergoldbroiler.com\/wp-content\/uploads\/2021\/07\/gerne_anders_logo_final_rgb-scaled.jpg\" style=\"max-width:200px;height:auto\"><\/a><a target=\"_blank\" class=\"flex-a-elm p-4 shadow shadow-sm\" href=\"https:\/\/www.ahnrw.de\/\"><img src=\"https:\/\/together.dergoldbroiler.com\/wp-content\/uploads\/2021\/07\/logo-ahnrw.jpg\" style=\"max-width:200px;height:auto\"><\/a><a target=\"_blank\" class=\"flex-a-elm p-4 shadow shadow-sm\" href=\"http:\/\/www.fels-essen.de\/\"><img src=\"https:\/\/together.dergoldbroiler.com\/wp-content\/uploads\/2021\/07\/logo-FELS-e1627057146431.jpg\" style=\"max-width:200px;height:auto\"><\/a><a target=\"_blank\" class=\"flex-a-elm p-4 shadow shadow-sm\" href=\"http:\/\/www.agot-muelheim.de\/\"><img src=\"https:\/\/together.dergoldbroiler.com\/wp-content\/uploads\/2021\/07\/logo-AGOT-mh.gif\" style=\"max-width:200px;height:auto\"><\/a><a target=\"_blank\" class=\"flex-a-elm p-4 shadow shadow-sm\" href=\"https:\/\/www.ruhr-csd.de\/\"><img src=\"https:\/\/together.dergoldbroiler.com\/wp-content\/uploads\/2021\/07\/logo-ruhrPride-Essen-e1627056191937.jpg\" style=\"max-width:200px;height:auto\"><\/a><a target=\"_blank\" class=\"flex-a-elm p-4 shadow shadow-sm\" href=\"https:\/\/csdkrefeld.de\/\"><img src=\"https:\/\/together.dergoldbroiler.com\/wp-content\/uploads\/2021\/07\/logo-CSD-Krefeld-1-e1627056274531.png\" style=\"max-width:200px;height:auto\"><\/a><a target=\"_blank\" class=\"flex-a-elm p-4 shadow shadow-sm\" href=\"https:\/\/lesben.nrw\/\"><img src=\"https:\/\/together.dergoldbroiler.com\/wp-content\/uploads\/2021\/07\/lag-logo-300-e1627056330277.jpg\" style=\"max-width:200px;height:auto\"><\/a><a target=\"_blank\" class=\"flex-a-elm p-4 shadow shadow-sm\" href=\"https:\/\/nrw.lsvd.de\/\"><img src=\"https:\/\/together.dergoldbroiler.com\/wp-content\/uploads\/2021\/07\/Logo-LSVDNRW-e1627054105652.jpg\" style=\"max-width:200px;height:auto\"><\/a><a target=\"_blank\" class=\"flex-a-elm p-4 shadow shadow-sm\" href=\"https:\/\/lagjungenarbeit.de\/\"><img src=\"https:\/\/together.dergoldbroiler.com\/wp-content\/uploads\/2021\/07\/logo-lag-jungenarbeit-e1627054123861.jpg\" style=\"max-width:200px;height:auto\"><\/a><a target=\"_blank\" class=\"flex-a-elm p-4 shadow shadow-sm\" href=\"https:\/\/www.jugendring-gelsenkirchen.de\/\"><img src=\"https:\/\/together.dergoldbroiler.com\/wp-content\/uploads\/2021\/07\/Logo-SJR-ge-e1627054135481.jpeg\" style=\"max-width:200px;height:auto\"><\/a><a target=\"_blank\" class=\"flex-a-elm p-4 shadow shadow-sm\" href=\"https:\/\/sjr-mh.de\/\"><img src=\"https:\/\/together.dergoldbroiler.com\/wp-content\/uploads\/2021\/07\/Logo-e1627054156887.jpg\" style=\"max-width:200px;height:auto\"><\/a><a target=\"_blank\" class=\"flex-a-elm p-4 shadow shadow-sm\" href=\"https:\/\/aba-fachverband.info\/\"><img src=\"https:\/\/together.dergoldbroiler.com\/wp-content\/uploads\/2021\/07\/LOGO_ABA-Fachverband-e1627054058510.jpg\" style=\"max-width:200px;height:auto\"><\/a><a target=\"_blank\" class=\"flex-a-elm p-4 shadow shadow-sm\" href=\"https:\/\/www.pjw-nrw.de\/\"><img src=\"https:\/\/together.dergoldbroiler.com\/wp-content\/uploads\/2021\/07\/logo-pjw.png\" style=\"max-width:200px;height:auto\"><\/a><a target=\"_blank\" class=\"flex-a-elm p-4 shadow shadow-sm\" href=\"https:\/\/hs-verein.de\/\"><img src=\"https:\/\/together.dergoldbroiler.com\/wp-content\/uploads\/2021\/07\/hs_neues_logo_euro_text_pfad_72dpi-e1627057531829.jpg\" style=\"max-width:200px;height:auto\"><\/a><a target=\"_blank\" class=\"flex-a-elm p-4 shadow shadow-sm\" href=\"https:\/\/www.paritaet-nrw.org\/\"><img src=\"https:\/\/together.dergoldbroiler.com\/wp-content\/uploads\/2021\/05\/Logo-DerParitaetische.jpg\" style=\"max-width:200px;height:auto\"><\/a><\/div><\/div><br><hr><br>\n","protected":false},"excerpt":{"rendered":"<p>Les projets de jeunes together sont organis\u00e9s et g\u00e9r\u00e9s par l&#8217;association SVLS e.V.. Avec cette association \u00e0 but non lucratif, des lesbiennes, des gays, des bisexuels, des trans* et des personnes vivant avec le VIH\/sida de tous \u00e2ges et de diff\u00e9rentes cultures s&#8217;engagent ensemble depuis 1998 pour plus de visibilit\u00e9 et d&#8217;acceptation de la diversit\u00e9 [&hellip;]<\/p>\n","protected":false},"author":1,"featured_media":469,"parent":7,"menu_order":0,"comment_status":"closed","ping_status":"closed","template":"","meta":[],"acf":[],"_links":{"self":[{"href":"https:\/\/together.dergoldbroiler.com\/fr\/wp-json\/wp\/v2\/pages\/143"}],"collection":[{"href":"https:\/\/together.dergoldbroiler.com\/fr\/wp-json\/wp\/v2\/pages"}],"about":[{"href":"https:\/\/together.dergoldbroiler.com\/fr\/wp-json\/wp\/v2\/types\/page"}],"author":[{"embeddable":true,"href":"https:\/\/together.dergoldbroiler.com\/fr\/wp-json\/wp\/v2\/users\/1"}],"replies":[{"embeddable":true,"href":"https:\/\/together.dergoldbroiler.com\/fr\/wp-json\/wp\/v2\/comments?post=143"}],"version-history":[{"count":11,"href":"https:\/\/together.dergoldbroiler.com\/fr\/wp-json\/wp\/v2\/pages\/143\/revisions"}],"predecessor-version":[{"id":2725,"href":"https:\/\/together.dergoldbroiler.com\/fr\/wp-json\/wp\/v2\/pages\/143\/revisions\/2725"}],"up":[{"embeddable":true,"href":"https:\/\/together.dergoldbroiler.com\/fr\/wp-json\/wp\/v2\/pages\/7"}],"wp:featuredmedia":[{"embeddable":true,"href":"https:\/\/together.dergoldbroiler.com\/fr\/wp-json\/wp\/v2\/media\/469"}],"wp:attachment":[{"href":"https:\/\/together.dergoldbroiler.com\/fr\/wp-json\/wp\/v2\/media?parent=143"}],"curies":[{"name":"wp","href":"https:\/\/api.w.org\/{rel}","templated":true}]}}