{"id":18,"date":"2020-09-05T12:48:25","date_gmt":"2020-09-05T10:48:25","guid":{"rendered":"http:\/\/comingout.dergoldbroiler.com\/?page_id=18"},"modified":"2022-08-05T10:23:10","modified_gmt":"2022-08-05T08:23:10","slug":"spenden","status":"publish","type":"page","link":"https:\/\/together.dergoldbroiler.com\/fr\/spenden\/","title":{"rendered":"Faire un don"},"content":{"rendered":"<p style=\"text-align: center;\">Gr\u00e2ce \u00e0 un travail infatigable pour la visibilit\u00e9 et l&#8217;\u00e9galit\u00e9 des droits, les conditions g\u00e9n\u00e9rales des personnes homo, bi et pansexuelles ainsi que trans* et inter* se sont nettement am\u00e9lior\u00e9es au cours des derni\u00e8res ann\u00e9es et d\u00e9cennies.<\/p>\n<p style=\"text-align: center;\">Parall\u00e8lement, les jeunes lesbiennes, gays et bi\/pansexuels ont toujours un risque de suicide quatre \u00e0 sept fois plus \u00e9lev\u00e9 que les jeunes h\u00e9t\u00e9rosexuel.le.s. Ce risque est encore plus \u00e9lev\u00e9 chez les jeunes trans* et inter* qui sont entre autres nettement plus expos\u00e9.e.s \u00e0 l&#8217;exclusion, au harc\u00e8lement et \u00e0 la violence et sont plus susceptibles de souffrir de troubles alimentaires ou d&#8217;addictions.<\/p>\n<p style=\"text-align: center;\">L&#8217;\u00c9tat l&#8217;a (re)d\u00e9couvert ; c&#8217;est pourquoi together est soutenu par l&#8217;\u00c9tat depuis sa cr\u00e9ation. Toutefois, les subventions ne suffisent souvent pas \u00e0 couvrir les frais n\u00e9cessaires. De plus, nous sommes oblig\u00e9.e.s de g\u00e9n\u00e9rer une part propre. Pour maintenir notre travail important, nous devons r\u00e9unir chaque ann\u00e9e un montant \u00e0 cinq chiffres. Pour cela, chaque don est important ! Merci de nous soutenir et de soutenir les jeunes.<\/p>\n<p style=\"text-align: center;\">L&#8217;association SVLS e.V. est reconnue d&#8217;utilit\u00e9 publique.<\/p>\n<p style=\"text-align: center;\">Les dons que vous nous faites peuvent donc \u00eatre d\u00e9duits de vos imp\u00f4ts.<\/p>\n<p>&nbsp;<\/p>\n<p>&nbsp;<\/p>\n<h3 style=\"text-align: center;\">Dons via HelpDirect<\/h3>\n<div id=\"donationform-default\"><script src=\"https:\/\/www.helpmundo.de\/helptools\/donations\/1362\/0\/init.js?type=dom&#038;newLocal=de&#038;amount=20&#038;rtm=0\" type=\"text\/javascript\"><\/script><\/div>\n<h3 style=\"text-align: center;\">Dons via Paypal<\/h3>\n<form action=\"https:\/\/www.paypal.com\/cgi-bin\/webscr\" method=\"post\" target=\"_top\"><input name=\"cmd\" type=\"hidden\" value=\"_s-xclick\" \/><br \/>\n<input name=\"hosted_button_id\" type=\"hidden\" value=\"PSUBKB4377CVN\" \/><br \/>\n<input title=\"PayPal - The safer, easier way to pay online!\" alt=\"Spenden mit dem PayPal-Button\" name=\"submit\" src=\"https:\/\/www.paypalobjects.com\/de_DE\/DE\/i\/btn\/btn_donateCC_LG.gif\" type=\"image\" \/><br \/>\n<img loading=\"lazy\" src=\"https:\/\/www.paypal.com\/de_DE\/i\/scr\/pixel.gif\" alt=\"\" width=\"1\" height=\"1\" border=\"0\" \/><\/form>\n","protected":false},"excerpt":{"rendered":"<p>Gr\u00e2ce \u00e0 un travail infatigable pour la visibilit\u00e9 et l&#8217;\u00e9galit\u00e9 des droits, les conditions g\u00e9n\u00e9rales des personnes homo, bi et pansexuelles ainsi que trans* et inter* se sont nettement am\u00e9lior\u00e9es au cours des derni\u00e8res ann\u00e9es et d\u00e9cennies. Parall\u00e8lement, les jeunes lesbiennes, gays et bi\/pansexuels ont toujours un risque de suicide quatre \u00e0 sept fois plus [&hellip;]<\/p>\n","protected":false},"author":1,"featured_media":114,"parent":0,"menu_order":0,"comment_status":"closed","ping_status":"closed","template":"","meta":[],"acf":[],"_links":{"self":[{"href":"https:\/\/together.dergoldbroiler.com\/fr\/wp-json\/wp\/v2\/pages\/18"}],"collection":[{"href":"https:\/\/together.dergoldbroiler.com\/fr\/wp-json\/wp\/v2\/pages"}],"about":[{"href":"https:\/\/together.dergoldbroiler.com\/fr\/wp-json\/wp\/v2\/types\/page"}],"author":[{"embeddable":true,"href":"https:\/\/together.dergoldbroiler.com\/fr\/wp-json\/wp\/v2\/users\/1"}],"replies":[{"embeddable":true,"href":"https:\/\/together.dergoldbroiler.com\/fr\/wp-json\/wp\/v2\/comments?post=18"}],"version-history":[{"count":11,"href":"https:\/\/together.dergoldbroiler.com\/fr\/wp-json\/wp\/v2\/pages\/18\/revisions"}],"predecessor-version":[{"id":2713,"href":"https:\/\/together.dergoldbroiler.com\/fr\/wp-json\/wp\/v2\/pages\/18\/revisions\/2713"}],"wp:featuredmedia":[{"embeddable":true,"href":"https:\/\/together.dergoldbroiler.com\/fr\/wp-json\/wp\/v2\/media\/114"}],"wp:attachment":[{"href":"https:\/\/together.dergoldbroiler.com\/fr\/wp-json\/wp\/v2\/media?parent=18"}],"curies":[{"name":"wp","href":"https:\/\/api.w.org\/{rel}","templated":true}]}}