{"id":225,"date":"2020-11-16T15:29:20","date_gmt":"2020-11-16T14:29:20","guid":{"rendered":"https:\/\/together.dergoldbroiler.com\/?page_id=225"},"modified":"2022-09-29T14:33:06","modified_gmt":"2022-09-29T12:33:06","slug":"fotos-videos","status":"publish","type":"page","link":"https:\/\/together.dergoldbroiler.com\/fr\/aktuelles\/fotos-videos\/","title":{"rendered":"Photos &#038; Vid\u00e9os"},"content":{"rendered":"<p>Voici des photos de quelques actions du together et des vid\u00e9os, r\u00e9alis\u00e9es dans le cadre de nos projets d&#8217;animation jeunesse LSBT*I*.<\/p>\n","protected":false},"excerpt":{"rendered":"<p>Voici des photos de quelques actions du together et des vid\u00e9os, r\u00e9alis\u00e9es dans le cadre de nos projets d&#8217;animation jeunesse LSBT*I*.<\/p>\n","protected":false},"author":1,"featured_media":0,"parent":221,"menu_order":0,"comment_status":"closed","ping_status":"closed","template":"page-galleries.php","meta":[],"acf":[],"_links":{"self":[{"href":"https:\/\/together.dergoldbroiler.com\/fr\/wp-json\/wp\/v2\/pages\/225"}],"collection":[{"href":"https:\/\/together.dergoldbroiler.com\/fr\/wp-json\/wp\/v2\/pages"}],"about":[{"href":"https:\/\/together.dergoldbroiler.com\/fr\/wp-json\/wp\/v2\/types\/page"}],"author":[{"embeddable":true,"href":"https:\/\/together.dergoldbroiler.com\/fr\/wp-json\/wp\/v2\/users\/1"}],"replies":[{"embeddable":true,"href":"https:\/\/together.dergoldbroiler.com\/fr\/wp-json\/wp\/v2\/comments?post=225"}],"version-history":[{"count":10,"href":"https:\/\/together.dergoldbroiler.com\/fr\/wp-json\/wp\/v2\/pages\/225\/revisions"}],"predecessor-version":[{"id":2795,"href":"https:\/\/together.dergoldbroiler.com\/fr\/wp-json\/wp\/v2\/pages\/225\/revisions\/2795"}],"up":[{"embeddable":true,"href":"https:\/\/together.dergoldbroiler.com\/fr\/wp-json\/wp\/v2\/pages\/221"}],"wp:attachment":[{"href":"https:\/\/together.dergoldbroiler.com\/fr\/wp-json\/wp\/v2\/media?parent=225"}],"curies":[{"name":"wp","href":"https:\/\/api.w.org\/{rel}","templated":true}]}}