{"id":385,"date":"2020-12-15T15:35:28","date_gmt":"2020-12-15T14:35:28","guid":{"rendered":"https:\/\/together.dergoldbroiler.com\/?page_id=385"},"modified":"2022-08-05T11:50:37","modified_gmt":"2022-08-05T09:50:37","slug":"junge-lesbische-bi-pansexuelle-frauen","status":"publish","type":"page","link":"https:\/\/together.dergoldbroiler.com\/fr\/beratung\/junge-lesbische-bi-pansexuelle-frauen\/","title":{"rendered":"Jeunes femmes*"},"content":{"rendered":"<p>Tomber amoureuse d&#8217;une femme* merveilleuse, flirter avec des femmes* sexy, s&#8217;immerger dans une communaut\u00e9 pleine de pouvoir f\u00e9minin*, &#8230; &#8211; \u00eatre lesbienne, bi- ou pansexuel(le) a beaucoup de beaux c\u00f4t\u00e9s. Mais dans une soci\u00e9t\u00e9 qui ne le comprend pas toujours, il y a aussi les autres c\u00f4t\u00e9s: ne pas \u00eatre prise au s\u00e9rieux en tant que femme* ou dans sa propre orientation sexuelle, conna\u00eetre peu de mod\u00e8les et de personnes partageant les m\u00eames id\u00e9es, entendre les \u00e9ternelles blagues stupides. Les femmes bi- et pansexuelles*, qui aimeraient en fait se r\u00e9jouir d&#8217;avoir toutes les possibilit\u00e9s, doivent en plus s&#8217;entendre dire qu&#8217;elles ne peuvent pas choisir.<\/p>\n<p>Tu connais ces difficult\u00e9s, tu veux parler d&#8217;un probl\u00e8me, poser une question ou exprimer des doutes, mais il n&#8217;y a personne pour te comprendre? Peut-\u00eatre crains-tu aussi qu&#8217;on se moque de toi ou qu&#8217;on ne te prenne pas au s\u00e9rieux? Pour tous ces sujets, ainsi que pour les questions relatives au coming-out, \u00e0 l&#8217;amour, au sexe et au partenariat, nous sommes \u00e0 ton \u00e9coute et t&#8217; aidons volontiers : personnellement au centre de rencontre ou lors d&#8217;un rendez-vous de conseil convenu, par t\u00e9l\u00e9phone, par vid\u00e9o-chat 1:1 ou via notre service de conseil virtuel.<\/p>\n<p>Toutes les offres de conseil sont gratuites, nous sommes tenus au secret professionnel et ne transmettons aucune donn\u00e9e personnelle te concernant.<\/p>\n","protected":false},"excerpt":{"rendered":"<p>Tomber amoureuse d&#8217;une femme* merveilleuse, flirter avec des femmes* sexy, s&#8217;immerger dans une communaut\u00e9 pleine de pouvoir f\u00e9minin*, &#8230; &#8211; \u00eatre lesbienne, bi- ou pansexuel(le) a beaucoup de beaux c\u00f4t\u00e9s. Mais dans une soci\u00e9t\u00e9 qui ne le comprend pas toujours, il y a aussi les autres c\u00f4t\u00e9s: ne pas \u00eatre prise au s\u00e9rieux en tant [&hellip;]<\/p>\n","protected":false},"author":1,"featured_media":1211,"parent":121,"menu_order":0,"comment_status":"closed","ping_status":"closed","template":"page-beratung.php","meta":[],"acf":[],"_links":{"self":[{"href":"https:\/\/together.dergoldbroiler.com\/fr\/wp-json\/wp\/v2\/pages\/385"}],"collection":[{"href":"https:\/\/together.dergoldbroiler.com\/fr\/wp-json\/wp\/v2\/pages"}],"about":[{"href":"https:\/\/together.dergoldbroiler.com\/fr\/wp-json\/wp\/v2\/types\/page"}],"author":[{"embeddable":true,"href":"https:\/\/together.dergoldbroiler.com\/fr\/wp-json\/wp\/v2\/users\/1"}],"replies":[{"embeddable":true,"href":"https:\/\/together.dergoldbroiler.com\/fr\/wp-json\/wp\/v2\/comments?post=385"}],"version-history":[{"count":12,"href":"https:\/\/together.dergoldbroiler.com\/fr\/wp-json\/wp\/v2\/pages\/385\/revisions"}],"predecessor-version":[{"id":2734,"href":"https:\/\/together.dergoldbroiler.com\/fr\/wp-json\/wp\/v2\/pages\/385\/revisions\/2734"}],"up":[{"embeddable":true,"href":"https:\/\/together.dergoldbroiler.com\/fr\/wp-json\/wp\/v2\/pages\/121"}],"wp:featuredmedia":[{"embeddable":true,"href":"https:\/\/together.dergoldbroiler.com\/fr\/wp-json\/wp\/v2\/media\/1211"}],"wp:attachment":[{"href":"https:\/\/together.dergoldbroiler.com\/fr\/wp-json\/wp\/v2\/media?parent=385"}],"curies":[{"name":"wp","href":"https:\/\/api.w.org\/{rel}","templated":true}]}}