{"id":389,"date":"2020-12-15T15:37:34","date_gmt":"2020-12-15T14:37:34","guid":{"rendered":"https:\/\/together.dergoldbroiler.com\/?page_id=389"},"modified":"2022-09-29T14:15:48","modified_gmt":"2022-09-29T12:15:48","slug":"junge-schwule-bi-und-pansexuelle-maenner","status":"publish","type":"page","link":"https:\/\/together.dergoldbroiler.com\/fr\/beratung\/junge-schwule-bi-und-pansexuelle-maenner\/","title":{"rendered":"Jeunes hommes*"},"content":{"rendered":"<p>Tomber amoureux d&#8217;un homme merveilleux, flirter avec des mecs sexy, faire partie d&#8217;une sc\u00e8ne vaste, vivante et color\u00e9e, pleine de possibilit\u00e9s, &#8230; &#8211; \u00eatre gay, bi- ou pansexuel a de nombreux c\u00f4t\u00e9s formidables et passionnants. Mais dans une soci\u00e9t\u00e9 qui ne le comprend pas toujours, il y a aussi les autres c\u00f4t\u00e9s : conna\u00eetre l&#8217;homosexualit\u00e9 avant tout comme une insulte, \u00eatre discrimin\u00e9 et harcel\u00e9, subir des violences, conna\u00eetre peu de mod\u00e8les et de personnes partageant les m\u00eames id\u00e9es. Mais il y a aussi des exclusions dans le milieu. Et les hommes bi- et pansexuels*, qui aimeraient en fait se r\u00e9jouir d&#8217;avoir toutes les possibilit\u00e9s, doivent sans cesse s&#8217;entendre dire de tous c\u00f4t\u00e9s qu&#8217;ils ne peuvent pas choisir.<\/p>\n<p>Tu connais ces difficult\u00e9s, tu veux parler d&#8217;un probl\u00e8me, poser une question ou exprimer des doutes, mais il n&#8217;y a personne pour te comprendre? Peut-\u00eatre crains-tu aussi qu&#8217;on se moque de toi ou qu&#8217;on ne te prenne pas au s\u00e9rieux? Pour tous ces sujets, ainsi que pour les questions relatives au coming-out, \u00e0 l&#8217;amour, au sexe et au partenariat, nous sommes l\u00e0 pour t&#8217;\u00e9couter et t&#8217;aider &#8211; par e-mail, par t\u00e9l\u00e9phone ou par chat.<\/p>\n","protected":false},"excerpt":{"rendered":"<p>Tomber amoureux d&#8217;un homme merveilleux, flirter avec des mecs sexy, faire partie d&#8217;une sc\u00e8ne vaste, vivante et color\u00e9e, pleine de possibilit\u00e9s, &#8230; &#8211; \u00eatre gay, bi- ou pansexuel a de nombreux c\u00f4t\u00e9s formidables et passionnants. Mais dans une soci\u00e9t\u00e9 qui ne le comprend pas toujours, il y a aussi les autres c\u00f4t\u00e9s : conna\u00eetre l&#8217;homosexualit\u00e9 [&hellip;]<\/p>\n","protected":false},"author":1,"featured_media":1213,"parent":121,"menu_order":0,"comment_status":"closed","ping_status":"closed","template":"page-beratung.php","meta":[],"acf":[],"_links":{"self":[{"href":"https:\/\/together.dergoldbroiler.com\/fr\/wp-json\/wp\/v2\/pages\/389"}],"collection":[{"href":"https:\/\/together.dergoldbroiler.com\/fr\/wp-json\/wp\/v2\/pages"}],"about":[{"href":"https:\/\/together.dergoldbroiler.com\/fr\/wp-json\/wp\/v2\/types\/page"}],"author":[{"embeddable":true,"href":"https:\/\/together.dergoldbroiler.com\/fr\/wp-json\/wp\/v2\/users\/1"}],"replies":[{"embeddable":true,"href":"https:\/\/together.dergoldbroiler.com\/fr\/wp-json\/wp\/v2\/comments?post=389"}],"version-history":[{"count":12,"href":"https:\/\/together.dergoldbroiler.com\/fr\/wp-json\/wp\/v2\/pages\/389\/revisions"}],"predecessor-version":[{"id":2789,"href":"https:\/\/together.dergoldbroiler.com\/fr\/wp-json\/wp\/v2\/pages\/389\/revisions\/2789"}],"up":[{"embeddable":true,"href":"https:\/\/together.dergoldbroiler.com\/fr\/wp-json\/wp\/v2\/pages\/121"}],"wp:featuredmedia":[{"embeddable":true,"href":"https:\/\/together.dergoldbroiler.com\/fr\/wp-json\/wp\/v2\/media\/1213"}],"wp:attachment":[{"href":"https:\/\/together.dergoldbroiler.com\/fr\/wp-json\/wp\/v2\/media?parent=389"}],"curies":[{"name":"wp","href":"https:\/\/api.w.org\/{rel}","templated":true}]}}