{"id":391,"date":"2020-12-15T15:38:09","date_gmt":"2020-12-15T14:38:09","guid":{"rendered":"https:\/\/together.dergoldbroiler.com\/?page_id=391"},"modified":"2022-08-05T11:57:14","modified_gmt":"2022-08-05T09:57:14","slug":"junge-trans-und-inter","status":"publish","type":"page","link":"https:\/\/together.dergoldbroiler.com\/fr\/beratung\/junge-trans-und-inter\/","title":{"rendered":"Jeunes Trans* &#038; Inter*"},"content":{"rendered":"<p>La joie d\u00e9bordante de pouvoir se montrer et d&#8217;\u00eatre per\u00e7u.e comme on se voit va souvent de pair avec la frustration et le d\u00e9sespoir lorsque, parfois, cela ne fonctionne justement pas. Tomber amoureux.se n&#8217;est pas toujours synonyme de bonheur, mais aussi d&#8217;inqui\u00e9tude de savoir si l&#8217;on sera accept\u00e9 en tant que trans* ou inter* ou si cela ne d\u00e9rangera pas l&#8217;autre. Pour les personnes non-binaires et inter*, la recherche d&#8217;un r\u00f4le de genre qui se sent juste peut, en l&#8217;absence de mod\u00e8les, \u00eatre un terrain inconnu aussi passionnant que difficile \u00e0 surmonter seul.e. Les trans* et inter* f\u00e9minins sont r\u00e9guli\u00e8rement victimes de f\u00e9tichisation, d&#8217;exclusion offensive et de violence.<\/p>\n<p>Tu connais ces difficult\u00e9s, tu veux parler d&#8217;un probl\u00e8me, poser une question ou exprimer des doutes, mais il n&#8217;y a personne pour te comprendre ? Peut-\u00eatre crains-tu aussi qu&#8217;on se moque de toi ou qu&#8217;on ne te prenne pas au s\u00e9rieux ? Pour tous ces sujets et aussi pour les questions concernant le coming-out, l&#8217;amour, le sexe et le partenariat, nous sommes volontiers \u00e0 l&#8217;\u00e9coute et pr\u00eat.e.s \u00e0 aider &#8211; par e-mail, par t\u00e9l\u00e9phone ou par chat.<\/p>\n","protected":false},"excerpt":{"rendered":"<p>La joie d\u00e9bordante de pouvoir se montrer et d&#8217;\u00eatre per\u00e7u.e comme on se voit va souvent de pair avec la frustration et le d\u00e9sespoir lorsque, parfois, cela ne fonctionne justement pas. Tomber amoureux.se n&#8217;est pas toujours synonyme de bonheur, mais aussi d&#8217;inqui\u00e9tude de savoir si l&#8217;on sera accept\u00e9 en tant que trans* ou inter* ou [&hellip;]<\/p>\n","protected":false},"author":1,"featured_media":1222,"parent":121,"menu_order":0,"comment_status":"closed","ping_status":"closed","template":"page-beratung.php","meta":[],"acf":[],"_links":{"self":[{"href":"https:\/\/together.dergoldbroiler.com\/fr\/wp-json\/wp\/v2\/pages\/391"}],"collection":[{"href":"https:\/\/together.dergoldbroiler.com\/fr\/wp-json\/wp\/v2\/pages"}],"about":[{"href":"https:\/\/together.dergoldbroiler.com\/fr\/wp-json\/wp\/v2\/types\/page"}],"author":[{"embeddable":true,"href":"https:\/\/together.dergoldbroiler.com\/fr\/wp-json\/wp\/v2\/users\/1"}],"replies":[{"embeddable":true,"href":"https:\/\/together.dergoldbroiler.com\/fr\/wp-json\/wp\/v2\/comments?post=391"}],"version-history":[{"count":11,"href":"https:\/\/together.dergoldbroiler.com\/fr\/wp-json\/wp\/v2\/pages\/391\/revisions"}],"predecessor-version":[{"id":2736,"href":"https:\/\/together.dergoldbroiler.com\/fr\/wp-json\/wp\/v2\/pages\/391\/revisions\/2736"}],"up":[{"embeddable":true,"href":"https:\/\/together.dergoldbroiler.com\/fr\/wp-json\/wp\/v2\/pages\/121"}],"wp:featuredmedia":[{"embeddable":true,"href":"https:\/\/together.dergoldbroiler.com\/fr\/wp-json\/wp\/v2\/media\/1222"}],"wp:attachment":[{"href":"https:\/\/together.dergoldbroiler.com\/fr\/wp-json\/wp\/v2\/media?parent=391"}],"curies":[{"name":"wp","href":"https:\/\/api.w.org\/{rel}","templated":true}]}}