{"id":393,"date":"2020-12-15T15:38:46","date_gmt":"2020-12-15T14:38:46","guid":{"rendered":"https:\/\/together.dergoldbroiler.com\/?page_id=393"},"modified":"2022-08-05T12:00:24","modified_gmt":"2022-08-05T10:00:24","slug":"lsbti-refugees-migrants","status":"publish","type":"page","link":"https:\/\/together.dergoldbroiler.com\/fr\/beratung\/lsbti-refugees-migrants\/","title":{"rendered":"LSBT*I* Refugees &#038; Migrants"},"content":{"rendered":"<p>Tomber \u00e0 nouveau amoureux, c&#8217;est bien! Mais qu&#8217;en est-il lorsque ce sont les meilleur.e.s ami.e.s? Qu&#8217;en est-il si tu te sens heureux.se de ne pas vouloir vivre en tant qu&#8217; homme ou que femme? Cela peut \u00eatre tr\u00e8s difficile, surtout si l&#8217;environnement dans lequel tu vis ne comprend pas ta fa\u00e7on d&#8217;\u00eatre, la rejette ou te menace m\u00eame. Ou alors ta situation de vie ne te permet pas de vivre ton orientation sexuelle ou ta v\u00e9ritable identit\u00e9 de genre? Ou tu ne comprends pas la langue? Tu cherches des contacts et tu aimerais rencontrer d&#8217;autres jeunes qui vivent dans une situation similaire \u00e0 la tienne?<\/p>\n<p>Tu connais ces difficult\u00e9s, tu aimerais parler d&#8217;un probl\u00e8me, poser des questions ou exprimer des doutes, mais il n&#8217;y a personne pour te comprendre? Peut-\u00eatre crains-tu aussi qu&#8217;on se moque de toi et qu&#8217;on ne te prenne pas au s\u00e9rieux? Pour tous ces th\u00e8mes et aussi pour les questions concernant le coming-out, l&#8217;amour, le sexe et le partenariat, mais aussi pour les questions sur l&#8217;asile, nous sommes volontiers \u00e0 l&#8217;\u00e9coute et pr\u00eats \u00e0 aider &#8211; par e-mail, par t\u00e9l\u00e9phone ou par chat.<\/p>\n","protected":false},"excerpt":{"rendered":"<p>Tomber \u00e0 nouveau amoureux, c&#8217;est bien! Mais qu&#8217;en est-il lorsque ce sont les meilleur.e.s ami.e.s? Qu&#8217;en est-il si tu te sens heureux.se de ne pas vouloir vivre en tant qu&#8217; homme ou que femme? Cela peut \u00eatre tr\u00e8s difficile, surtout si l&#8217;environnement dans lequel tu vis ne comprend pas ta fa\u00e7on d&#8217;\u00eatre, la rejette ou [&hellip;]<\/p>\n","protected":false},"author":1,"featured_media":0,"parent":121,"menu_order":0,"comment_status":"closed","ping_status":"closed","template":"page-beratung.php","meta":[],"acf":[],"_links":{"self":[{"href":"https:\/\/together.dergoldbroiler.com\/fr\/wp-json\/wp\/v2\/pages\/393"}],"collection":[{"href":"https:\/\/together.dergoldbroiler.com\/fr\/wp-json\/wp\/v2\/pages"}],"about":[{"href":"https:\/\/together.dergoldbroiler.com\/fr\/wp-json\/wp\/v2\/types\/page"}],"author":[{"embeddable":true,"href":"https:\/\/together.dergoldbroiler.com\/fr\/wp-json\/wp\/v2\/users\/1"}],"replies":[{"embeddable":true,"href":"https:\/\/together.dergoldbroiler.com\/fr\/wp-json\/wp\/v2\/comments?post=393"}],"version-history":[{"count":11,"href":"https:\/\/together.dergoldbroiler.com\/fr\/wp-json\/wp\/v2\/pages\/393\/revisions"}],"predecessor-version":[{"id":2737,"href":"https:\/\/together.dergoldbroiler.com\/fr\/wp-json\/wp\/v2\/pages\/393\/revisions\/2737"}],"up":[{"embeddable":true,"href":"https:\/\/together.dergoldbroiler.com\/fr\/wp-json\/wp\/v2\/pages\/121"}],"wp:attachment":[{"href":"https:\/\/together.dergoldbroiler.com\/fr\/wp-json\/wp\/v2\/media?parent=393"}],"curies":[{"name":"wp","href":"https:\/\/api.w.org\/{rel}","templated":true}]}}