{"id":395,"date":"2020-12-15T15:39:39","date_gmt":"2020-12-15T14:39:39","guid":{"rendered":"https:\/\/together.dergoldbroiler.com\/?page_id=395"},"modified":"2022-08-05T12:06:49","modified_gmt":"2022-08-05T10:06:49","slug":"eltern-angehoerige","status":"publish","type":"page","link":"https:\/\/together.dergoldbroiler.com\/fr\/beratung\/eltern-angehoerige\/","title":{"rendered":"Parents &#038; proches"},"content":{"rendered":"<h3>Votre fils aime (aussi) les gar\u00e7ons, votre fille aime (aussi) les filles? Votre enfant souhaite qu&#8217;on l&#8217;appelle d&#8217;un autre nom?<\/h3>\n<p>Qu&#8217;ils aient d\u00e9j\u00e0 eu une id\u00e9e ou qu&#8217;ils soient compl\u00e8tement pris au d\u00e9pourvu, le coming out est d&#8217;abord un sacr\u00e9 choc pour presque tous les parents. Puis viennent les inqui\u00e9tudes : sera-t-il\/elle heureux.se ? Se prot\u00e9gera-t-il\/elle des maladies ? Qu&#8217;en est-il de la discrimination? Et moi qui me r\u00e9jouissais tant d&#8217;avoir des petits-enfants&#8230;<\/p>\n<p>Vous n&#8217;avez peut-\u00eatre qu&#8217;une intuition ou vous ne l&#8217;avez pas appris de votre enfant lui-m\u00eame, mais vous l&#8217;avez appris &#8220;d&#8217;une mani\u00e8re ou d&#8217;une autre&#8221; et maintenant vous ne savez pas comment g\u00e9rer la situation?<\/p>\n<p>Vous n&#8217;\u00eates pas seul.e avec tous ces soucis. Qu&#8217;ils soient homo-, bi- ou pansexuels, trans* ou inter*, tous ces jeunes ont des parents, et presque tous les parents se sont pos\u00e9s ces questions et des questions similaires. Presque tou.te.s ont vu leur relation avec leur enfant \u00e9voluer.<\/p>\n<p>Les collaborateur.trice.s du centre de consultation Lebenslust ont d\u00e9j\u00e0 aid\u00e9 de nombreux parents \u00e0 \u00e9tablir une relation stable, ouverte et confiante avec leur enfant. Nous vous \u00e9coutons volontiers, vous conseillons et vous mettons en contact avec d&#8217;autres parents ou avec notre groupe de parents.<\/p>\n","protected":false},"excerpt":{"rendered":"<p>Votre fils aime (aussi) les gar\u00e7ons, votre fille aime (aussi) les filles? Votre enfant souhaite qu&#8217;on l&#8217;appelle d&#8217;un autre nom? Qu&#8217;ils aient d\u00e9j\u00e0 eu une id\u00e9e ou qu&#8217;ils soient compl\u00e8tement pris au d\u00e9pourvu, le coming out est d&#8217;abord un sacr\u00e9 choc pour presque tous les parents. Puis viennent les inqui\u00e9tudes : sera-t-il\/elle heureux.se ? Se [&hellip;]<\/p>\n","protected":false},"author":1,"featured_media":0,"parent":121,"menu_order":0,"comment_status":"closed","ping_status":"closed","template":"page-beratung.php","meta":[],"acf":[],"_links":{"self":[{"href":"https:\/\/together.dergoldbroiler.com\/fr\/wp-json\/wp\/v2\/pages\/395"}],"collection":[{"href":"https:\/\/together.dergoldbroiler.com\/fr\/wp-json\/wp\/v2\/pages"}],"about":[{"href":"https:\/\/together.dergoldbroiler.com\/fr\/wp-json\/wp\/v2\/types\/page"}],"author":[{"embeddable":true,"href":"https:\/\/together.dergoldbroiler.com\/fr\/wp-json\/wp\/v2\/users\/1"}],"replies":[{"embeddable":true,"href":"https:\/\/together.dergoldbroiler.com\/fr\/wp-json\/wp\/v2\/comments?post=395"}],"version-history":[{"count":11,"href":"https:\/\/together.dergoldbroiler.com\/fr\/wp-json\/wp\/v2\/pages\/395\/revisions"}],"predecessor-version":[{"id":2738,"href":"https:\/\/together.dergoldbroiler.com\/fr\/wp-json\/wp\/v2\/pages\/395\/revisions\/2738"}],"up":[{"embeddable":true,"href":"https:\/\/together.dergoldbroiler.com\/fr\/wp-json\/wp\/v2\/pages\/121"}],"wp:attachment":[{"href":"https:\/\/together.dergoldbroiler.com\/fr\/wp-json\/wp\/v2\/media?parent=395"}],"curies":[{"name":"wp","href":"https:\/\/api.w.org\/{rel}","templated":true}]}}