{"id":397,"date":"2020-12-15T15:41:44","date_gmt":"2020-12-15T14:41:44","guid":{"rendered":"https:\/\/together.dergoldbroiler.com\/?page_id=397"},"modified":"2022-08-05T12:11:39","modified_gmt":"2022-08-05T10:11:39","slug":"fachkraefte-schulen","status":"publish","type":"page","link":"https:\/\/together.dergoldbroiler.com\/fr\/beratung\/fachkraefte-schulen\/","title":{"rendered":"Professionnels et \u00e9coles"},"content":{"rendered":"<p>Malgr\u00e9 tous les d\u00e9veloppements positifs, les pr\u00e9jug\u00e9s sexuels (homophobie et transphobie \/ h\u00e9t\u00e9ronormativit\u00e9) sont toujours pr\u00e9sents; en particulier chez les jeunes qui luttent encore eux-m\u00eames pour une identit\u00e9 stable ou la reconnaissance de leurs peers. Les jeunes lesbiennes, gays, bisexuels, trans* et inter* en font l&#8217;exp\u00e9rience au quotidien: ainsi, &#8220;gay&#8221; reste l&#8217;insulte la plus populaire parmi les jeunes, les jeunes trans* ne sont pas pris.es au s\u00e9rieux dans leur d\u00e9finition de soi et les jeunes lesbiennes sont massivement touch\u00e9es par des remarques sexistes. Cela ne se limite pas toujours \u00e0 de l&#8217;hostilit\u00e9 verbale.<\/p>\n<p>La solitude est particuli\u00e8rement pesante pour la plupart des jeunes LGBT*I*. Par peur d&#8217;\u00eatre d\u00e9couvert.e.s ou discrimin\u00e9.e.s, beaucoup se retirent de leurs cercles d&#8217;ami.e.s ou sont marginalis\u00e9.e.s apr\u00e8s un coming out. Au d\u00e9but, peu d&#8217;entre eux\/elles ont des contacts avec d&#8217;autres jeunes LGBT*I* avec lesquels ils\/elles peuvent communiquer.<\/p>\n<p>C&#8217;est l\u00e0 que les projets de jeunesse LSBT*I* comme together peuvent aider. En tant que personne de contact pour les jeunes, vous pouvez les aider \u00e0 prendre connaissance des offres et \u00e0 trouver de nouveaux contacts. Nous leur envoyons volontiers des affiches et du mat\u00e9riel d&#8217;information.<\/p>\n<p>Non seulement parce que les projets de jeunes LGBT*I* ne couvrent pas tout le territoire et ne sont donc pas accessibles \u00e0 tous les jeunes LGBT*I*, mais aussi parce que les jeunes LGBT*I* ont besoin d&#8217;acceptation, d&#8217;interlocuteur.trice.s et de soutien partout dans leur vie quotidienne, vous \u00eates n\u00e9cessaires ! En tant que professionnel.le d&#8217;une institution d&#8217;aide \u00e0 la jeunesse, d&#8217;un centre de jeunes, d&#8217;une \u00e9cole, d&#8217;une cr\u00e8che ou d&#8217;un centre de conseil, vous \u00eates un.e interlocuteur.trice important.e pour les enfants, les jeunes et les familles. Vous pouvez m\u00eame sans cas concret ou crise &#8211; aider \u00e0 r\u00e9duire les pr\u00e9jug\u00e9s et \u00e0 promouvoir l&#8217;acceptation. De cette mani\u00e8re, vous soutenez tou.te.s les jeunes!<\/p>\n<p>M\u00eame pour les professionnel.le.s, les situations de vie et les d\u00e9fis particuliers des jeunes LGBT*I* sont souvent un terrain inconnu. Souvent, le th\u00e8me appara\u00eet malheureusement pour la premi\u00e8re fois directement avec une crise.<\/p>\n<p>Le service de conseil sp\u00e9cialis\u00e9 de la Rh\u00e9nanie-du-Nord-Westphalie &#8220;<a href=\"https:\/\/gerne-anders.de\/\" target=\"_blank\" rel=\"noopener\">gerne anders !<\/a>&#8221; soutient les professionnel.le.s, les services de la jeunesse et les organismes ind\u00e9pendants d&#8217;aide \u00e0 la jeunesse par des conseils sp\u00e9cialis\u00e9s, une sensibilisation et une formation continue sur les th\u00e8mes de la diversit\u00e9 sexuelle et du genre. Gr\u00e2ce au soutien du Land de Rh\u00e9nanie-du-Nord-Westphalie, l&#8217;offre est gratuite.<\/p>\n<p>&nbsp;<\/p>\n<p><img loading=\"lazy\" class=\"alignnone size-medium wp-image-1121\" style=\"cursor: pointer;\" src=\"https:\/\/together-virtuell.de\/wp-content\/uploads\/2021\/07\/gerne_anders_logo_final_rgb-scaled.jpg\" alt=\"\" width=\"300\" height=\"131\" srcset=\"https:\/\/together.dergoldbroiler.com\/wp-content\/uploads\/2021\/07\/gerne_anders_logo_final_rgb-scaled.jpg 2560w, https:\/\/together.dergoldbroiler.com\/wp-content\/uploads\/2021\/07\/gerne_anders_logo_final_rgb-300x131.jpg 300w, https:\/\/together.dergoldbroiler.com\/wp-content\/uploads\/2021\/07\/gerne_anders_logo_final_rgb-1024x446.jpg 1024w, https:\/\/together.dergoldbroiler.com\/wp-content\/uploads\/2021\/07\/gerne_anders_logo_final_rgb-768x334.jpg 768w, https:\/\/together.dergoldbroiler.com\/wp-content\/uploads\/2021\/07\/gerne_anders_logo_final_rgb-1536x669.jpg 1536w, https:\/\/together.dergoldbroiler.com\/wp-content\/uploads\/2021\/07\/gerne_anders_logo_final_rgb-2048x892.jpg 2048w, https:\/\/together.dergoldbroiler.com\/wp-content\/uploads\/2021\/07\/gerne_anders_logo_final_rgb-1320x575.jpg 1320w\" sizes=\"(max-width: 300px) 100vw, 300px\" \/> \u00a0 \u00a0 \u00a0\u00a0 \u00a0 \u00a0 \u00a0 \u00a0 \u00a0 \u00a0\u00a0 <img loading=\"lazy\" class=\"alignnone size-full wp-image-1524\" src=\"https:\/\/together-virtuell.de\/wp-content\/uploads\/2021\/09\/SCHLAU-Logo-Ruhr-RGB-150-286x120-1.png\" alt=\"\" width=\"286\" height=\"120\" \/><\/p>\n<h2>Informations pour les \u00e9coles<\/h2>\n<p>L&#8217;\u00e9cole est \u00e0 la fois un lieu central et un espace de vie pour tous les enfants et les jeunes. Les jeunes y forment et entretiennent des amiti\u00e9s et passent beaucoup de temps ensemble &#8211; que ce soit en classe, dans la cour de r\u00e9cr\u00e9ation ou lors de voyages scolaires. Pour beaucoup de jeunes LGBT*I*, l&#8217;\u00e9cole n&#8217;est pas un lieu sans contraintes, car ils y subissent beaucoup d&#8217;exclusion et de discrimination ou doivent d\u00e9penser beaucoup d&#8217;\u00e9nergie pour dissimuler leur identit\u00e9 sexuelle ou de genre afin de se prot\u00e9ger.<\/p>\n<p>Il est encore trop rare que les th\u00e8mes de l&#8217;identit\u00e9 sexuelle et de genre soient abord\u00e9s en classe ou que la diversit\u00e9 sexuelle soit naturellement prise en compte. Souvent, les enseignants ne savent pas non plus comment r\u00e9agir face \u00e0 l&#8217;hostilit\u00e9 envers les \u00e9l\u00e8ves \u00e9tiquet\u00e9s comme lesbiennes, gays, bi, trans* ou inter*.<\/p>\n<p>Les \u00e9ducateur.trice.s b\u00e9n\u00e9voles de SCHLAU soutiennent aussi bien les \u00e9l\u00e8ves que les enseignant.e.s. Ils\/elles sont eux\/elles-m\u00eames de jeunes lesbiennes, gays, bisexuels, trans* et\/ou inter* et sont pr\u00e9par\u00e9.e.s \u00e0 animer des ateliers d&#8217;\u00e9ducation et de sensibilisation gr\u00e2ce \u00e0 des formations et \u00e0 un accompagnement p\u00e9dagogique. A l&#8217;aide d&#8217;un vaste r\u00e9pertoire de m\u00e9thodes et de r\u00e9cits authentiques tir\u00e9s de leur propre biographie, ils\/elles apportent une contribution importante \u00e0 la suppression des pr\u00e9jug\u00e9s et \u00e0 la promotion de l&#8217;acceptation.<\/p>\n","protected":false},"excerpt":{"rendered":"<p>Malgr\u00e9 tous les d\u00e9veloppements positifs, les pr\u00e9jug\u00e9s sexuels (homophobie et transphobie \/ h\u00e9t\u00e9ronormativit\u00e9) sont toujours pr\u00e9sents; en particulier chez les jeunes qui luttent encore eux-m\u00eames pour une identit\u00e9 stable ou la reconnaissance de leurs peers. Les jeunes lesbiennes, gays, bisexuels, trans* et inter* en font l&#8217;exp\u00e9rience au quotidien: ainsi, &#8220;gay&#8221; reste l&#8217;insulte la plus populaire [&hellip;]<\/p>\n","protected":false},"author":1,"featured_media":0,"parent":121,"menu_order":0,"comment_status":"closed","ping_status":"closed","template":"page-beratung.php","meta":[],"acf":[],"_links":{"self":[{"href":"https:\/\/together.dergoldbroiler.com\/fr\/wp-json\/wp\/v2\/pages\/397"}],"collection":[{"href":"https:\/\/together.dergoldbroiler.com\/fr\/wp-json\/wp\/v2\/pages"}],"about":[{"href":"https:\/\/together.dergoldbroiler.com\/fr\/wp-json\/wp\/v2\/types\/page"}],"author":[{"embeddable":true,"href":"https:\/\/together.dergoldbroiler.com\/fr\/wp-json\/wp\/v2\/users\/1"}],"replies":[{"embeddable":true,"href":"https:\/\/together.dergoldbroiler.com\/fr\/wp-json\/wp\/v2\/comments?post=397"}],"version-history":[{"count":11,"href":"https:\/\/together.dergoldbroiler.com\/fr\/wp-json\/wp\/v2\/pages\/397\/revisions"}],"predecessor-version":[{"id":2739,"href":"https:\/\/together.dergoldbroiler.com\/fr\/wp-json\/wp\/v2\/pages\/397\/revisions\/2739"}],"up":[{"embeddable":true,"href":"https:\/\/together.dergoldbroiler.com\/fr\/wp-json\/wp\/v2\/pages\/121"}],"wp:attachment":[{"href":"https:\/\/together.dergoldbroiler.com\/fr\/wp-json\/wp\/v2\/media?parent=397"}],"curies":[{"name":"wp","href":"https:\/\/api.w.org\/{rel}","templated":true}]}}