{"id":610,"date":"2021-04-06T09:48:11","date_gmt":"2021-04-06T07:48:11","guid":{"rendered":"https:\/\/together.dergoldbroiler.com\/?page_id=610"},"modified":"2022-08-05T12:14:05","modified_gmt":"2022-08-05T10:14:05","slug":"videotalk","status":"publish","type":"page","link":"https:\/\/together.dergoldbroiler.com\/fr\/service\/videotalk\/","title":{"rendered":"Videotalk"},"content":{"rendered":"<p>Nous n&#8217;utilisons pas Videotalk uniquement \u00e0 cause du Corona. La salle n&#8217;est certes pas ouverte en permanence, mais tu peux r\u00e9guli\u00e8rement te connecter ici pendant les jours d&#8217;ouverture ou participer num\u00e9riquement aux manifestations.\u00a0 Nous organisons r\u00e9guli\u00e8rement des r\u00e9unions d&#8217;\u00e9quipe et de planification hybrides, de sorte qu&#8217;un long trajet n&#8217;exclut pas ta participation. Tu trouveras les annonces sous Actualit\u00e9s, sur Facebook ou Instagram. Des entretiens de conseil 1:1 sont \u00e9galement possibles sur rendez-vous.<\/p>\n<p>Le together VIDEOTALK est bas\u00e9 sur les dispositions en vigueur en mati\u00e8re de protection des donn\u00e9es. Veuillez n\u00e9anmoins faire attention \u00e0 ce que vous montrez ou racontez \u00e0 toutes les personnes pr\u00e9sentes.<\/p>\n<p>La qualit\u00e9 de la connexion (la fa\u00e7on dont vous voyez les autres et la fa\u00e7on dont nous vous voyons) d\u00e9pend malheureusement aussi de votre connexion Internet et de votre collaboration (par exemple, couper le micro \u00e0 cause des bruits de fond lorsque vous ne parlez pas). Si vous \u00eates avec votre smartphone, faites attention \u00e0 votre volume de donn\u00e9es. Cela fonctionne particuli\u00e8rement bien avec les navigateurs : Firefox, Chromium, Opera, Microsoft Edge (version 15.01.20) &#038; Google Chrome.<\/p>\n<p>&nbsp;<\/p>\n<p><a class=\"btn_mailadress\" href=\"https:\/\/lsbti.collocall.de\/b\/svl-ohd-wjq-oic\" target=\"_blank\" rel=\"noopener\">Videotalk<\/a><\/p>\n","protected":false},"excerpt":{"rendered":"<p>Nous n&#8217;utilisons pas Videotalk uniquement \u00e0 cause du Corona. La salle n&#8217;est certes pas ouverte en permanence, mais tu peux r\u00e9guli\u00e8rement te connecter ici pendant les jours d&#8217;ouverture ou participer num\u00e9riquement aux manifestations.\u00a0 Nous organisons r\u00e9guli\u00e8rement des r\u00e9unions d&#8217;\u00e9quipe et de planification hybrides, de sorte qu&#8217;un long trajet n&#8217;exclut pas ta participation. Tu trouveras les [&hellip;]<\/p>\n","protected":false},"author":1,"featured_media":0,"parent":123,"menu_order":0,"comment_status":"closed","ping_status":"closed","template":"","meta":[],"acf":[],"_links":{"self":[{"href":"https:\/\/together.dergoldbroiler.com\/fr\/wp-json\/wp\/v2\/pages\/610"}],"collection":[{"href":"https:\/\/together.dergoldbroiler.com\/fr\/wp-json\/wp\/v2\/pages"}],"about":[{"href":"https:\/\/together.dergoldbroiler.com\/fr\/wp-json\/wp\/v2\/types\/page"}],"author":[{"embeddable":true,"href":"https:\/\/together.dergoldbroiler.com\/fr\/wp-json\/wp\/v2\/users\/1"}],"replies":[{"embeddable":true,"href":"https:\/\/together.dergoldbroiler.com\/fr\/wp-json\/wp\/v2\/comments?post=610"}],"version-history":[{"count":12,"href":"https:\/\/together.dergoldbroiler.com\/fr\/wp-json\/wp\/v2\/pages\/610\/revisions"}],"predecessor-version":[{"id":2740,"href":"https:\/\/together.dergoldbroiler.com\/fr\/wp-json\/wp\/v2\/pages\/610\/revisions\/2740"}],"up":[{"embeddable":true,"href":"https:\/\/together.dergoldbroiler.com\/fr\/wp-json\/wp\/v2\/pages\/123"}],"wp:attachment":[{"href":"https:\/\/together.dergoldbroiler.com\/fr\/wp-json\/wp\/v2\/media?parent=610"}],"curies":[{"name":"wp","href":"https:\/\/api.w.org\/{rel}","templated":true}]}}