{"id":18,"date":"2020-09-05T12:48:25","date_gmt":"2020-09-05T10:48:25","guid":{"rendered":"http:\/\/comingout.dergoldbroiler.com\/?page_id=18"},"modified":"2022-08-05T10:23:10","modified_gmt":"2022-08-05T08:23:10","slug":"spenden","status":"publish","type":"page","link":"https:\/\/together.dergoldbroiler.com\/it\/spenden\/","title":{"rendered":"Dona ora"},"content":{"rendered":"<p style=\"text-align: center;\">Grazie al lavoro instancabile di tante persone per aumentare la visibilit\u00e0 e promuovere l&#8217;uguaglianza, negli ultimi anni e decenni le condizioni di vita della popolazione omosessuale, bi- e pansessuale, nonch\u00e9 delle persone trans* e inter* sono migliorate in modo significativo.<\/p>\n<p style=\"text-align: center;\">Allo stesso tempo, per\u00f2, per \u0259 giovani lesbiche, gay e bi- e pansessuali il rischio di suicidio \u00e8 da quattro a sette volte superiore rispetto ai giovani eterosessuali, e per \u0259 giovani trans* e inter* \u00e8 ancora pi\u00f9 alto. Tra l&#8217;altro, queste persone sono soggette molto pi\u00f9 spesso all&#8217;esclusione, al bullismo e alla violenza, e sono pi\u00f9 inclini a sviluppare disturbi alimentari o dipendenze.<\/p>\n<p style=\"text-align: center;\">Lo Stato l&#8217;ha finalmente riconosciuto; per questo motivo, fin dalla sua fondazione, l&#8217;associazione ha ricevuto sovvenzioni statali. Tuttavia, spesso i sussidi non sono sufficienti a coprire i costi necessari e, per questo motivo, siamo costrett\u0259 a chiedere una quota associativa annuale. Per proseguire il nostro lavoro dobbiamo raccogliere ogni anno una somma molto alta, a cinque cifre. Pertanto, ogni donazione \u00e8 importante! Vi preghiamo di sostenere noi e \u0259 giovani .<\/p>\n<p style=\"text-align: center;\">La SVLS e.V. \u00e8 riconosciuta come organizzazione senza scopo di lucro.<br \/>\nPotete portare in detrazione le donazioni che ci indirizzerete.<\/p>\n<p>&nbsp;<\/p>\n<p>&nbsp;<\/p>\n<h3 style=\"text-align: center;\">Dona ora con HelpDirect<\/h3>\n<div id=\"donationform-default\"><script src=\"https:\/\/www.helpmundo.de\/helptools\/donations\/1362\/0\/init.js?type=dom&#038;newLocal=de&#038;amount=20&#038;rtm=0\" type=\"text\/javascript\"><\/script><\/div>\n<h3 style=\"text-align: center;\">Dona ora con Paypal<\/h3>\n<form action=\"https:\/\/www.paypal.com\/cgi-bin\/webscr\" method=\"post\" target=\"_top\"><input name=\"cmd\" type=\"hidden\" value=\"_s-xclick\" \/><br \/>\n<input name=\"hosted_button_id\" type=\"hidden\" value=\"PSUBKB4377CVN\" \/><br \/>\n<input title=\"PayPal - The safer, easier way to pay online!\" alt=\"Spenden mit dem PayPal-Button\" name=\"submit\" src=\"https:\/\/www.paypalobjects.com\/de_DE\/DE\/i\/btn\/btn_donateCC_LG.gif\" type=\"image\" \/><br \/>\n<img loading=\"lazy\" src=\"https:\/\/www.paypal.com\/de_DE\/i\/scr\/pixel.gif\" alt=\"\" width=\"1\" height=\"1\" border=\"0\" \/><\/form>\n","protected":false},"excerpt":{"rendered":"<p>Grazie al lavoro instancabile di tante persone per aumentare la visibilit\u00e0 e promuovere l&#8217;uguaglianza, negli ultimi anni e decenni le condizioni di vita della popolazione omosessuale, bi- e pansessuale, nonch\u00e9 delle persone trans* e inter* sono migliorate in modo significativo. Allo stesso tempo, per\u00f2, per \u0259 giovani lesbiche, gay e bi- e pansessuali il rischio [&hellip;]<\/p>\n","protected":false},"author":1,"featured_media":114,"parent":0,"menu_order":0,"comment_status":"closed","ping_status":"closed","template":"","meta":[],"acf":[],"_links":{"self":[{"href":"https:\/\/together.dergoldbroiler.com\/it\/wp-json\/wp\/v2\/pages\/18"}],"collection":[{"href":"https:\/\/together.dergoldbroiler.com\/it\/wp-json\/wp\/v2\/pages"}],"about":[{"href":"https:\/\/together.dergoldbroiler.com\/it\/wp-json\/wp\/v2\/types\/page"}],"author":[{"embeddable":true,"href":"https:\/\/together.dergoldbroiler.com\/it\/wp-json\/wp\/v2\/users\/1"}],"replies":[{"embeddable":true,"href":"https:\/\/together.dergoldbroiler.com\/it\/wp-json\/wp\/v2\/comments?post=18"}],"version-history":[{"count":11,"href":"https:\/\/together.dergoldbroiler.com\/it\/wp-json\/wp\/v2\/pages\/18\/revisions"}],"predecessor-version":[{"id":2713,"href":"https:\/\/together.dergoldbroiler.com\/it\/wp-json\/wp\/v2\/pages\/18\/revisions\/2713"}],"wp:featuredmedia":[{"embeddable":true,"href":"https:\/\/together.dergoldbroiler.com\/it\/wp-json\/wp\/v2\/media\/114"}],"wp:attachment":[{"href":"https:\/\/together.dergoldbroiler.com\/it\/wp-json\/wp\/v2\/media?parent=18"}],"curies":[{"name":"wp","href":"https:\/\/api.w.org\/{rel}","templated":true}]}}