{"id":141,"date":"2020-11-04T15:18:47","date_gmt":"2020-11-04T14:18:47","guid":{"rendered":"https:\/\/together.dergoldbroiler.com\/?page_id=141"},"modified":"2022-08-05T10:40:14","modified_gmt":"2022-08-05T08:40:14","slug":"menschen","status":"publish","type":"page","link":"https:\/\/together.dergoldbroiler.com\/tr\/menschen\/","title":{"rendered":"\u0130nsanlar"},"content":{"rendered":"<p>Gen\u00e7 LGBT*I* ile Together\u2019da tan\u0131\u015facaks\u0131n\u0131z. Burada baz\u0131 \u00e7al\u0131\u015fanlar\u0131 tan\u0131yabilirsiniz. Bunlardan biri, \u00e7al\u0131\u015fma saatleri i\u00e7inde her zaman yerindedir ve t\u00fcm eylemler, fikirler, zorluklar ve ki\u015fisel sorular i\u00e7in bir irtibat ki\u015fisi olarak mevcuttur. Hepsi \u00fcst d\u00fczey Pedagojik e\u011fitime sahiptir ve gizlili\u011fi \u00e7ok ciddiye al\u0131yorlar. Sadece sizi desteklemekle kalmay\u0131p, gerekirse size ba\u015fka f\u0131k\u0131rler de verir, e\u011flenceye ve beraberli\u011fe te\u015fvik ederler. Ne mutlu ki &#8211; \u00e7ok farkl\u0131lar!<\/p>\n","protected":false},"excerpt":{"rendered":"<p>Gen\u00e7 LGBT*I* ile Together\u2019da tan\u0131\u015facaks\u0131n\u0131z. Burada baz\u0131 \u00e7al\u0131\u015fanlar\u0131 tan\u0131yabilirsiniz. Bunlardan biri, \u00e7al\u0131\u015fma saatleri i\u00e7inde her zaman yerindedir ve t\u00fcm eylemler, fikirler, zorluklar ve ki\u015fisel sorular i\u00e7in bir irtibat ki\u015fisi olarak mevcuttur. Hepsi \u00fcst d\u00fczey Pedagojik e\u011fitime sahiptir ve gizlili\u011fi \u00e7ok ciddiye al\u0131yorlar. Sadece sizi desteklemekle kalmay\u0131p, gerekirse size ba\u015fka f\u0131k\u0131rler de verir, e\u011flenceye ve beraberli\u011fe [&hellip;]<\/p>\n","protected":false},"author":1,"featured_media":437,"parent":0,"menu_order":0,"comment_status":"closed","ping_status":"closed","template":"","meta":[],"acf":[],"_links":{"self":[{"href":"https:\/\/together.dergoldbroiler.com\/tr\/wp-json\/wp\/v2\/pages\/141"}],"collection":[{"href":"https:\/\/together.dergoldbroiler.com\/tr\/wp-json\/wp\/v2\/pages"}],"about":[{"href":"https:\/\/together.dergoldbroiler.com\/tr\/wp-json\/wp\/v2\/types\/page"}],"author":[{"embeddable":true,"href":"https:\/\/together.dergoldbroiler.com\/tr\/wp-json\/wp\/v2\/users\/1"}],"replies":[{"embeddable":true,"href":"https:\/\/together.dergoldbroiler.com\/tr\/wp-json\/wp\/v2\/comments?post=141"}],"version-history":[{"count":11,"href":"https:\/\/together.dergoldbroiler.com\/tr\/wp-json\/wp\/v2\/pages\/141\/revisions"}],"predecessor-version":[{"id":2723,"href":"https:\/\/together.dergoldbroiler.com\/tr\/wp-json\/wp\/v2\/pages\/141\/revisions\/2723"}],"wp:featuredmedia":[{"embeddable":true,"href":"https:\/\/together.dergoldbroiler.com\/tr\/wp-json\/wp\/v2\/media\/437"}],"wp:attachment":[{"href":"https:\/\/together.dergoldbroiler.com\/tr\/wp-json\/wp\/v2\/media?parent=141"}],"curies":[{"name":"wp","href":"https:\/\/api.w.org\/{rel}","templated":true}]}}