{"id":18,"date":"2020-09-05T12:48:25","date_gmt":"2020-09-05T10:48:25","guid":{"rendered":"http:\/\/comingout.dergoldbroiler.com\/?page_id=18"},"modified":"2022-08-05T10:23:10","modified_gmt":"2022-08-05T08:23:10","slug":"spenden","status":"publish","type":"page","link":"https:\/\/together.dergoldbroiler.com\/tr\/spenden\/","title":{"rendered":"Ba\u011f\u0131\u015flar"},"content":{"rendered":"<p style=\"text-align: center;\">Her \u015feyi g\u00f6r\u00fcn\u00fcr k\u0131lmak ve e\u015fit haklara sahip olmak i\u00e7in yorulmak bilmeden yap\u0131lan \u00e7al\u0131\u015fmalar sayesinde, E\u015fcinsel, biseks\u00fcel ve panseks\u00fcel ile trans* ve inter* insanlar i\u00e7in Ko\u015fullar son birka\u00e7 y\u0131l ve on y\u0131llar i\u00e7inde \u00f6nemli \u00f6l\u00e7\u00fcde iyile\u015fmi\u015ftir.<\/p>\n<p style=\"text-align: center;\">Ayn\u0131 zamanda, lezbiyen &#8211; gay ve bi-\/panseks\u00fcel ergenler hala bir trans* ve inter*lerde heteroseks\u00fcel ergenlere g\u00f6re d\u00f6rt ile yedi kat daha y\u00fcksek intihar riski i\u00e7indeler. Ba\u015fka \u015feylerin yan\u0131 s\u0131ra, d\u0131\u015flanma, zorbal\u0131k, \u015fiddete maruz kalma ve yeme bozukluklar\u0131na veya ba\u011f\u0131ml\u0131l\u0131\u011fa daha yatk\u0131nlar.<\/p>\n<p style=\"text-align: center;\">Devlet bunu tan\u0131d\u0131; bu nedenle together kuruldu\u011fundan beri devlet taraf\u0131ndan s\u00fcbvanse edilmi\u015ftir.<br \/>\nAncak, s\u00fcbvansiyonlar genellikle gerekli maliyetleri kar\u015f\u0131lamak i\u00e7in yetersizdir.<br \/>\nAyr\u0131ca kendi pay\u0131m\u0131z\u0131 kazanmakla y\u00fck\u00fcml\u00fcy\u00fcz. Ayr\u0131ca bizim i\u00e7in \u00f6nemli olan \u00e7al\u0131\u015fmaya devam edebilmek i\u00e7in her y\u0131l \u00f6nemli bir be\u015f haneli rakam bir araya getirmek zorunday\u0131z. Bunun i\u00e7in her ba\u011f\u0131\u015f \u00f6nemlidir! L\u00fctfen bizi ve gen\u00e7leri destekleyin.<\/p>\n<p style=\"text-align: center;\">SVLS e.V., kar amac\u0131 g\u00fctmeyen bir kurulu\u015f olarak kabul edilmektedir. Bize yap\u0131lan ba\u011f\u0131\u015flar vergiden d\u00fc\u015f\u00fclebilir.<\/p>\n<p>&nbsp;<\/p>\n<h3 style=\"text-align: center;\">\u00a0HelpDirect arac\u0131l\u0131\u011f\u0131yla yap\u0131lan ba\u011f\u0131\u015flar<\/h3>\n<div id=\"donationform-default\"><script src=\"https:\/\/www.helpmundo.de\/helptools\/donations\/1362\/0\/init.js?type=dom&#038;newLocal=de&#038;amount=20&#038;rtm=0\" type=\"text\/javascript\"><\/script><\/div>\n<h3 style=\"text-align: center;\">PayPal arac\u0131l\u0131\u011f\u0131yla yap\u0131lan ba\u011f\u0131\u015flar<\/h3>\n<form action=\"https:\/\/www.paypal.com\/cgi-bin\/webscr\" method=\"post\" target=\"_top\"><input name=\"cmd\" type=\"hidden\" value=\"_s-xclick\" \/><br \/>\n<input name=\"hosted_button_id\" type=\"hidden\" value=\"PSUBKB4377CVN\" \/><br \/>\n<input title=\"PayPal - The safer, easier way to pay online!\" alt=\"Spenden mit dem PayPal-Button\" name=\"submit\" src=\"https:\/\/www.paypalobjects.com\/de_DE\/DE\/i\/btn\/btn_donateCC_LG.gif\" type=\"image\" \/><br \/>\n<img loading=\"lazy\" src=\"https:\/\/www.paypal.com\/de_DE\/i\/scr\/pixel.gif\" alt=\"\" width=\"1\" height=\"1\" border=\"0\" \/><\/form>\n","protected":false},"excerpt":{"rendered":"<p>Her \u015feyi g\u00f6r\u00fcn\u00fcr k\u0131lmak ve e\u015fit haklara sahip olmak i\u00e7in yorulmak bilmeden yap\u0131lan \u00e7al\u0131\u015fmalar sayesinde, E\u015fcinsel, biseks\u00fcel ve panseks\u00fcel ile trans* ve inter* insanlar i\u00e7in Ko\u015fullar son birka\u00e7 y\u0131l ve on y\u0131llar i\u00e7inde \u00f6nemli \u00f6l\u00e7\u00fcde iyile\u015fmi\u015ftir. Ayn\u0131 zamanda, lezbiyen &#8211; gay ve bi-\/panseks\u00fcel ergenler hala bir trans* ve inter*lerde heteroseks\u00fcel ergenlere g\u00f6re d\u00f6rt ile yedi [&hellip;]<\/p>\n","protected":false},"author":1,"featured_media":114,"parent":0,"menu_order":0,"comment_status":"closed","ping_status":"closed","template":"","meta":[],"acf":[],"_links":{"self":[{"href":"https:\/\/together.dergoldbroiler.com\/tr\/wp-json\/wp\/v2\/pages\/18"}],"collection":[{"href":"https:\/\/together.dergoldbroiler.com\/tr\/wp-json\/wp\/v2\/pages"}],"about":[{"href":"https:\/\/together.dergoldbroiler.com\/tr\/wp-json\/wp\/v2\/types\/page"}],"author":[{"embeddable":true,"href":"https:\/\/together.dergoldbroiler.com\/tr\/wp-json\/wp\/v2\/users\/1"}],"replies":[{"embeddable":true,"href":"https:\/\/together.dergoldbroiler.com\/tr\/wp-json\/wp\/v2\/comments?post=18"}],"version-history":[{"count":11,"href":"https:\/\/together.dergoldbroiler.com\/tr\/wp-json\/wp\/v2\/pages\/18\/revisions"}],"predecessor-version":[{"id":2713,"href":"https:\/\/together.dergoldbroiler.com\/tr\/wp-json\/wp\/v2\/pages\/18\/revisions\/2713"}],"wp:featuredmedia":[{"embeddable":true,"href":"https:\/\/together.dergoldbroiler.com\/tr\/wp-json\/wp\/v2\/media\/114"}],"wp:attachment":[{"href":"https:\/\/together.dergoldbroiler.com\/tr\/wp-json\/wp\/v2\/media?parent=18"}],"curies":[{"name":"wp","href":"https:\/\/api.w.org\/{rel}","templated":true}]}}