{"id":239,"date":"2020-11-16T17:35:55","date_gmt":"2020-11-16T16:35:55","guid":{"rendered":"https:\/\/together.dergoldbroiler.com\/?page_id=239"},"modified":"2022-08-05T11:07:20","modified_gmt":"2022-08-05T09:07:20","slug":"moeglichkeiten","status":"publish","type":"page","link":"https:\/\/together.dergoldbroiler.com\/tr\/together-2\/moeglichkeiten\/","title":{"rendered":"\u0130mkanlar"},"content":{"rendered":"<h2>together, ondan ne anlad\u0131\u011f\u0131nd\u0131r!<\/h2>\n<p>Together, heyecan verici insanlar\u0131 tan\u0131ma ve (yeni) arkada\u015flarla birlikte bir \u015feyler deneyimleme veya aktif olma f\u0131rsat\u0131 sunuyor. Birlikte ge\u00e7irece\u011finiz bir ak\u015fam\u0131n nas\u0131l ge\u00e7ece\u011fine ve hangi eylemlerin olaca\u011f\u0131na siz karar vericeksiniz. Fikirlere, \u00f6nerilere ve yard\u0131m ellerine her zaman ihtiyac\u0131m\u0131z var. Ekip sizi ve sizi desteklemekten mutluluk duyacak. Kimse kat\u0131lmak ZORUNDA DE\u011e\u0130L, ama herkesi BEKL\u0130YORUZ!<\/p>\n","protected":false},"excerpt":{"rendered":"<p>together, ondan ne anlad\u0131\u011f\u0131nd\u0131r! Together, heyecan verici insanlar\u0131 tan\u0131ma ve (yeni) arkada\u015flarla birlikte bir \u015feyler deneyimleme veya aktif olma f\u0131rsat\u0131 sunuyor. Birlikte ge\u00e7irece\u011finiz bir ak\u015fam\u0131n nas\u0131l ge\u00e7ece\u011fine ve hangi eylemlerin olaca\u011f\u0131na siz karar vericeksiniz. Fikirlere, \u00f6nerilere ve yard\u0131m ellerine her zaman ihtiyac\u0131m\u0131z var. Ekip sizi ve sizi desteklemekten mutluluk duyacak. Kimse kat\u0131lmak ZORUNDA DE\u011e\u0130L, ama [&hellip;]<\/p>\n","protected":false},"author":1,"featured_media":459,"parent":7,"menu_order":0,"comment_status":"closed","ping_status":"closed","template":"page-moeglichkeiten.php","meta":[],"acf":[],"_links":{"self":[{"href":"https:\/\/together.dergoldbroiler.com\/tr\/wp-json\/wp\/v2\/pages\/239"}],"collection":[{"href":"https:\/\/together.dergoldbroiler.com\/tr\/wp-json\/wp\/v2\/pages"}],"about":[{"href":"https:\/\/together.dergoldbroiler.com\/tr\/wp-json\/wp\/v2\/types\/page"}],"author":[{"embeddable":true,"href":"https:\/\/together.dergoldbroiler.com\/tr\/wp-json\/wp\/v2\/users\/1"}],"replies":[{"embeddable":true,"href":"https:\/\/together.dergoldbroiler.com\/tr\/wp-json\/wp\/v2\/comments?post=239"}],"version-history":[{"count":12,"href":"https:\/\/together.dergoldbroiler.com\/tr\/wp-json\/wp\/v2\/pages\/239\/revisions"}],"predecessor-version":[{"id":2724,"href":"https:\/\/together.dergoldbroiler.com\/tr\/wp-json\/wp\/v2\/pages\/239\/revisions\/2724"}],"up":[{"embeddable":true,"href":"https:\/\/together.dergoldbroiler.com\/tr\/wp-json\/wp\/v2\/pages\/7"}],"wp:featuredmedia":[{"embeddable":true,"href":"https:\/\/together.dergoldbroiler.com\/tr\/wp-json\/wp\/v2\/media\/459"}],"wp:attachment":[{"href":"https:\/\/together.dergoldbroiler.com\/tr\/wp-json\/wp\/v2\/media?parent=239"}],"curies":[{"name":"wp","href":"https:\/\/api.w.org\/{rel}","templated":true}]}}