{"id":385,"date":"2020-12-15T15:35:28","date_gmt":"2020-12-15T14:35:28","guid":{"rendered":"https:\/\/together.dergoldbroiler.com\/?page_id=385"},"modified":"2022-08-05T11:50:37","modified_gmt":"2022-08-05T09:50:37","slug":"junge-lesbische-bi-pansexuelle-frauen","status":"publish","type":"page","link":"https:\/\/together.dergoldbroiler.com\/tr\/beratung\/junge-lesbische-bi-pansexuelle-frauen\/","title":{"rendered":"Gen\u00e7 Kad\u0131nlar*"},"content":{"rendered":"<p>Harika bir kad\u0131na a\u015f\u0131k olmak*, ate\u015fli kad\u0131nlarla fl\u00f6rt etmek*, kad\u0131nlarla dolu bir toplulu\u011fa dalmak , &#8230; &#8211; lezbiyen, biseks\u00fcel veya panseks\u00fcellerin bir\u00e7ok harika taraf\u0131 var. Bunu her zaman anlamayan bir toplumda, bir de \u00f6teki taraflar\u0131 vard\u0131r: Kad\u0131n* olarak ya da kendi cinsel y\u00f6neliminde ciddiye al\u0131nmamak, az say\u0131da rol model ve benzer d\u00fc\u015f\u00fcnen insan tan\u0131mak, ayn\u0131 aptal esprileri duymak. Asl\u0131nda t\u00fcm se\u00e7eneklere sahip olmaktan mutlu olmak isteyen biseks\u00fcel ve panseks\u00fcel kad\u0131nlar* da karar veremediklerini s\u00fcrekli birilerinden duymak zorunda kal\u0131yorlar.<\/p>\n<p>Bu zorluklar\u0131 biliyorsunuz, bir sorun hakk\u0131nda konu\u015fmak, bir soru sormak veya \u015f\u00fcphelerinizi dile getirmek istiyorsunuz ama orada sizi anlayacak kimse yok mu? Belki de alay alay konusu olmaktan ya da ciddiye al\u0131nmamaktan korkuyorsun? T\u00fcm bu konulara ve ayr\u0131ca Coming Out, A\u015fk, Seks ve Partnerlik konusunda yard\u0131mla ilgili sorular i\u00e7in hali haz\u0131rday\u0131z ayr\u0131ca \u015fahsen bir toplant\u0131da veya kararla\u015ft\u0131r\u0131lan bir dan\u0131\u015fma randevusunda, telefonla, birerbir g\u00f6r\u00fcnt\u00fcl\u00fc sohbette veya sanal bir Dan\u0131\u015fmanl\u0131k merkezimiz arac\u0131l\u0131\u011f\u0131yla da ilgili sorunlar\u0131n\u0131za veya sorular\u0131n\u0131za cevap buluyoruz.<\/p>\n<p>T\u00fcm dan\u0131\u015fmanl\u0131k hizmeleri \u00fccretsizdir, gizlili\u011fe ba\u011fl\u0131y\u0131z ve sizinle ilgili hi\u00e7bir ki\u015fisel veriyi aktarm\u0131yoruz.<\/p>\n","protected":false},"excerpt":{"rendered":"<p>Harika bir kad\u0131na a\u015f\u0131k olmak*, ate\u015fli kad\u0131nlarla fl\u00f6rt etmek*, kad\u0131nlarla dolu bir toplulu\u011fa dalmak , &#8230; &#8211; lezbiyen, biseks\u00fcel veya panseks\u00fcellerin bir\u00e7ok harika taraf\u0131 var. Bunu her zaman anlamayan bir toplumda, bir de \u00f6teki taraflar\u0131 vard\u0131r: Kad\u0131n* olarak ya da kendi cinsel y\u00f6neliminde ciddiye al\u0131nmamak, az say\u0131da rol model ve benzer d\u00fc\u015f\u00fcnen insan tan\u0131mak, ayn\u0131 [&hellip;]<\/p>\n","protected":false},"author":1,"featured_media":1211,"parent":121,"menu_order":0,"comment_status":"closed","ping_status":"closed","template":"page-beratung.php","meta":[],"acf":[],"_links":{"self":[{"href":"https:\/\/together.dergoldbroiler.com\/tr\/wp-json\/wp\/v2\/pages\/385"}],"collection":[{"href":"https:\/\/together.dergoldbroiler.com\/tr\/wp-json\/wp\/v2\/pages"}],"about":[{"href":"https:\/\/together.dergoldbroiler.com\/tr\/wp-json\/wp\/v2\/types\/page"}],"author":[{"embeddable":true,"href":"https:\/\/together.dergoldbroiler.com\/tr\/wp-json\/wp\/v2\/users\/1"}],"replies":[{"embeddable":true,"href":"https:\/\/together.dergoldbroiler.com\/tr\/wp-json\/wp\/v2\/comments?post=385"}],"version-history":[{"count":12,"href":"https:\/\/together.dergoldbroiler.com\/tr\/wp-json\/wp\/v2\/pages\/385\/revisions"}],"predecessor-version":[{"id":2734,"href":"https:\/\/together.dergoldbroiler.com\/tr\/wp-json\/wp\/v2\/pages\/385\/revisions\/2734"}],"up":[{"embeddable":true,"href":"https:\/\/together.dergoldbroiler.com\/tr\/wp-json\/wp\/v2\/pages\/121"}],"wp:featuredmedia":[{"embeddable":true,"href":"https:\/\/together.dergoldbroiler.com\/tr\/wp-json\/wp\/v2\/media\/1211"}],"wp:attachment":[{"href":"https:\/\/together.dergoldbroiler.com\/tr\/wp-json\/wp\/v2\/media?parent=385"}],"curies":[{"name":"wp","href":"https:\/\/api.w.org\/{rel}","templated":true}]}}