{"id":389,"date":"2020-12-15T15:37:34","date_gmt":"2020-12-15T14:37:34","guid":{"rendered":"https:\/\/together.dergoldbroiler.com\/?page_id=389"},"modified":"2022-09-29T14:15:48","modified_gmt":"2022-09-29T12:15:48","slug":"junge-schwule-bi-und-pansexuelle-maenner","status":"publish","type":"page","link":"https:\/\/together.dergoldbroiler.com\/tr\/beratung\/junge-schwule-bi-und-pansexuelle-maenner\/","title":{"rendered":"Gen\u00e7 erkekler*"},"content":{"rendered":"<p>Harika bir erke\u011fe a\u015f\u0131k olmak, seksi erkeklerle fl\u00f6rt etmek, olas\u0131l\u0131klarla dolu b\u00fcy\u00fck, canl\u0131 ve renkli bir sahnenin par\u00e7as\u0131 olmak&#8230; &#8211; gey, biseks\u00fcel veya panseks\u00fcel bir\u00e7ok harika ve heyecan verici taraf var. Bunu her zaman anlamayan bir toplumda, ancak ba\u015fka y\u00f6nler de vard\u0131r: gey kelimesini \u00f6ncelikle k\u00fcf\u00fcr olarak bilmek, ayr\u0131mc\u0131l\u0131k yapmak ve zorbal\u0131\u011fa u\u011framak \u015eiddeti deneyimlemek, az say\u0131da rol model ve benzer d\u00fc\u015f\u00fcnen insanlar tan\u0131mak. Ancak sahnede de d\u0131\u015flamalar var. Burada da kad\u0131nlar gibi t\u00fcm se\u00e7eneklere sahip olmaktan mutlu olmak isteyen biseks\u00fcel ve panseks\u00fcel Erkekler* de karar veremediklerini s\u00fcrekli birilerinden duymak zorunda kal\u0131yorlar.<\/p>\n<p>Bu zorluklar\u0131 biliyorsunuz, bir sorun hakk\u0131nda konu\u015fmak, bir soru sormak veya \u015f\u00fcphelerinizi dile getirmek istiyorsunuz ama orada sizi anlayacak kimse yok mu? Belki de alay alay konusu olmaktan ya da ciddiye al\u0131nmamaktan korkuyorsun? T\u00fcm bu konulara ve ayr\u0131ca Coming Out, A\u015fk, Seks ve Partnerlik konusunda yard\u0131mla ilgili sorular i\u00e7in hali haz\u0131rday\u0131z ayr\u0131ca \u015fahsen bir toplant\u0131da veya kararla\u015ft\u0131r\u0131lan bir dan\u0131\u015fma randevusunda, telefonla, birerbir g\u00f6r\u00fcnt\u00fcl\u00fc sohbette veya sanal bir Dan\u0131\u015fmanl\u0131k merkezimiz arac\u0131l\u0131\u011f\u0131yla da ilgili sorunlar\u0131n\u0131za veya sorular\u0131n\u0131za cevap buluyoruz. T\u00fcm dan\u0131\u015fmanl\u0131k hizmeleri \u00fccretsizdir, gizlili\u011fe ba\u011fl\u0131y\u0131z ve sizinle ilgili hi\u00e7bir ki\u015fisel veriyi aktarm\u0131yoruz.<\/p>\n","protected":false},"excerpt":{"rendered":"<p>Harika bir erke\u011fe a\u015f\u0131k olmak, seksi erkeklerle fl\u00f6rt etmek, olas\u0131l\u0131klarla dolu b\u00fcy\u00fck, canl\u0131 ve renkli bir sahnenin par\u00e7as\u0131 olmak&#8230; &#8211; gey, biseks\u00fcel veya panseks\u00fcel bir\u00e7ok harika ve heyecan verici taraf var. Bunu her zaman anlamayan bir toplumda, ancak ba\u015fka y\u00f6nler de vard\u0131r: gey kelimesini \u00f6ncelikle k\u00fcf\u00fcr olarak bilmek, ayr\u0131mc\u0131l\u0131k yapmak ve zorbal\u0131\u011fa u\u011framak \u015eiddeti deneyimlemek, [&hellip;]<\/p>\n","protected":false},"author":1,"featured_media":1213,"parent":121,"menu_order":0,"comment_status":"closed","ping_status":"closed","template":"page-beratung.php","meta":[],"acf":[],"_links":{"self":[{"href":"https:\/\/together.dergoldbroiler.com\/tr\/wp-json\/wp\/v2\/pages\/389"}],"collection":[{"href":"https:\/\/together.dergoldbroiler.com\/tr\/wp-json\/wp\/v2\/pages"}],"about":[{"href":"https:\/\/together.dergoldbroiler.com\/tr\/wp-json\/wp\/v2\/types\/page"}],"author":[{"embeddable":true,"href":"https:\/\/together.dergoldbroiler.com\/tr\/wp-json\/wp\/v2\/users\/1"}],"replies":[{"embeddable":true,"href":"https:\/\/together.dergoldbroiler.com\/tr\/wp-json\/wp\/v2\/comments?post=389"}],"version-history":[{"count":12,"href":"https:\/\/together.dergoldbroiler.com\/tr\/wp-json\/wp\/v2\/pages\/389\/revisions"}],"predecessor-version":[{"id":2789,"href":"https:\/\/together.dergoldbroiler.com\/tr\/wp-json\/wp\/v2\/pages\/389\/revisions\/2789"}],"up":[{"embeddable":true,"href":"https:\/\/together.dergoldbroiler.com\/tr\/wp-json\/wp\/v2\/pages\/121"}],"wp:featuredmedia":[{"embeddable":true,"href":"https:\/\/together.dergoldbroiler.com\/tr\/wp-json\/wp\/v2\/media\/1213"}],"wp:attachment":[{"href":"https:\/\/together.dergoldbroiler.com\/tr\/wp-json\/wp\/v2\/media?parent=389"}],"curies":[{"name":"wp","href":"https:\/\/api.w.org\/{rel}","templated":true}]}}