{"id":395,"date":"2020-12-15T15:39:39","date_gmt":"2020-12-15T14:39:39","guid":{"rendered":"https:\/\/together.dergoldbroiler.com\/?page_id=395"},"modified":"2022-08-05T12:06:49","modified_gmt":"2022-08-05T10:06:49","slug":"eltern-angehoerige","status":"publish","type":"page","link":"https:\/\/together.dergoldbroiler.com\/tr\/beratung\/eltern-angehoerige\/","title":{"rendered":"Ebeveynler ve Akrabalar"},"content":{"rendered":"<h3>O\u011flunuz (ayr\u0131ca) erkeklerden ho\u015flan\u0131yor, k\u0131z\u0131n\u0131z (ayr\u0131ca) k\u0131zlardan m\u0131 ho\u015flan\u0131yor? \u00c7ocu\u011funuz farkl\u0131 bir adla m\u0131 hitap edilmek istiyor?<\/h3>\n<p>Zaten bir ipucuna sahip olup olmad\u0131klar\u0131na veya tamamen haz\u0131rl\u0131ks\u0131z olmalar\u0131na bak\u0131lmaks\u0131z\u0131n, ortaya \u00e7\u0131kmak ilk ba\u015fta neredeyse t\u00fcm ebeveynler i\u00e7in biraz \u015fok edicidir. Sonra endi\u015feler var: mutlu olacak m\u0131? Kendini hastal\u0131ktan koruyor mu? Peki ya ayr\u0131mc\u0131l\u0131k? Ve torun sahibi olmay\u0131 o kadar \u00e7ok bekliyordum ki&#8230;<\/p>\n<p>Belki de sadece bir \u00f6nseziye sahipsiniz veya \u00e7ocu\u011funuzdan kendiniz \u00f6\u011frenmediniz, ancak &#8220;bir \u015fekilde&#8221; \u00f6\u011frendiniz ve \u015fimdi onunla nas\u0131l ba\u015fa \u00e7\u0131kaca\u011f\u0131n\u0131z\u0131 bilmiyor musunuz?<\/p>\n<p>T\u00fcm bu endi\u015felerle yaln\u0131z de\u011filsiniz. \u0130ster homoseks\u00fcel, ister biseks\u00fcel, ister panseks\u00fcel, ister trans* ister inter* olsun, t\u00fcm bu gen\u00e7lerin ebeveynleri var ve hemen hemen t\u00fcm ebeveynler kendilerine bu ve benzeri sorular\u0131 sormu\u015flard\u0131r. Hemen hemen hepsi \u00e7ocuklar\u0131yla olan ili\u015fkilerinin de\u011fi\u015fti\u011fini g\u00f6rd\u00fc.<\/p>\n<p>Lebenslust dan\u0131\u015fma merkezinin \u00e7al\u0131\u015fanlar\u0131, bir\u00e7ok ebeveynin ile \u00e7ocuklar\u0131n\u0131n istikrarl\u0131 bir \u015fekilde, a\u00e7\u0131k ve g\u00fcvene dayal\u0131 bir ili\u015fki kurmas\u0131na \u015fimdiden yard\u0131mc\u0131 oldu. Dinlemeyi, size tavsiyelerde bulunmay\u0131 ve Sizi di\u011fer Ebeveynlerle veya Ebeveyn grubumuzla ileti\u015fim kurmak i\u00e7in her zaman yan\u0131nzday\u0131z.<\/p>\n","protected":false},"excerpt":{"rendered":"<p>O\u011flunuz (ayr\u0131ca) erkeklerden ho\u015flan\u0131yor, k\u0131z\u0131n\u0131z (ayr\u0131ca) k\u0131zlardan m\u0131 ho\u015flan\u0131yor? \u00c7ocu\u011funuz farkl\u0131 bir adla m\u0131 hitap edilmek istiyor? Zaten bir ipucuna sahip olup olmad\u0131klar\u0131na veya tamamen haz\u0131rl\u0131ks\u0131z olmalar\u0131na bak\u0131lmaks\u0131z\u0131n, ortaya \u00e7\u0131kmak ilk ba\u015fta neredeyse t\u00fcm ebeveynler i\u00e7in biraz \u015fok edicidir. Sonra endi\u015feler var: mutlu olacak m\u0131? Kendini hastal\u0131ktan koruyor mu? Peki ya ayr\u0131mc\u0131l\u0131k? Ve torun sahibi [&hellip;]<\/p>\n","protected":false},"author":1,"featured_media":0,"parent":121,"menu_order":0,"comment_status":"closed","ping_status":"closed","template":"page-beratung.php","meta":[],"acf":[],"_links":{"self":[{"href":"https:\/\/together.dergoldbroiler.com\/tr\/wp-json\/wp\/v2\/pages\/395"}],"collection":[{"href":"https:\/\/together.dergoldbroiler.com\/tr\/wp-json\/wp\/v2\/pages"}],"about":[{"href":"https:\/\/together.dergoldbroiler.com\/tr\/wp-json\/wp\/v2\/types\/page"}],"author":[{"embeddable":true,"href":"https:\/\/together.dergoldbroiler.com\/tr\/wp-json\/wp\/v2\/users\/1"}],"replies":[{"embeddable":true,"href":"https:\/\/together.dergoldbroiler.com\/tr\/wp-json\/wp\/v2\/comments?post=395"}],"version-history":[{"count":11,"href":"https:\/\/together.dergoldbroiler.com\/tr\/wp-json\/wp\/v2\/pages\/395\/revisions"}],"predecessor-version":[{"id":2738,"href":"https:\/\/together.dergoldbroiler.com\/tr\/wp-json\/wp\/v2\/pages\/395\/revisions\/2738"}],"up":[{"embeddable":true,"href":"https:\/\/together.dergoldbroiler.com\/tr\/wp-json\/wp\/v2\/pages\/121"}],"wp:attachment":[{"href":"https:\/\/together.dergoldbroiler.com\/tr\/wp-json\/wp\/v2\/media?parent=395"}],"curies":[{"name":"wp","href":"https:\/\/api.w.org\/{rel}","templated":true}]}}