{"id":397,"date":"2020-12-15T15:41:44","date_gmt":"2020-12-15T14:41:44","guid":{"rendered":"https:\/\/together.dergoldbroiler.com\/?page_id=397"},"modified":"2022-08-05T12:11:39","modified_gmt":"2022-08-05T10:11:39","slug":"fachkraefte-schulen","status":"publish","type":"page","link":"https:\/\/together.dergoldbroiler.com\/tr\/beratung\/fachkraefte-schulen\/","title":{"rendered":"Nitelikli personeller ve okullar"},"content":{"rendered":"<p>T\u00fcm olumlu geli\u015fmelere ra\u011fmen cinsel \u00f6nyarg\u0131lar (e\u015fcinsellere d\u00fc\u015fmanl\u0131k ve trans*\/heteronormativite) halen devam etmektedir; \u00f6zellikle hala istikrarl\u0131 bir kimlik veya akranlar\u0131n\u0131n tan\u0131nmas\u0131 i\u00e7in m\u00fccadele eden gen\u00e7 insanlar aras\u0131nda. Gen\u00e7 lezbiyenler, geyler, biseks\u00fceller, trans* ve inter*ler bunu her g\u00fcn ya\u015f\u0131yorlar: &#8220;gay&#8221; hala gen\u00e7ler aras\u0131nda en pop\u00fcler k\u00fcf\u00fcrd\u00fcr, gen\u00e7 trans* kendi tan\u0131mlar\u0131nda ciddiye al\u0131nmaz ve gen\u00e7 lezbiyenler bu durumdan yani Cinsiyet\u00e7i sloganlardan b\u00fcy\u00fck \u00f6l\u00e7\u00fcde etkilenirler. D\u00fc\u015fmanl\u0131klar her zaman s\u00f6zl\u00fc olarak olmuyor.<\/p>\n<p>Yaln\u0131zl\u0131k, \u00e7o\u011fu gen\u00e7 LGBT*I* insan\u0131 i\u00e7in \u00f6zellikle streslidir. Ke\u015ffedilme veya ayr\u0131mc\u0131l\u0131\u011fa u\u011frama korkusuyla, bir\u00e7o\u011fu arkada\u015f \u00e7evresinden \u00e7ekilir veya ortaya \u00e7\u0131kt\u0131ktan sonra \u00f6tekile\u015ftirilir. \u00c7ok az\u0131, ba\u015flang\u0131\u00e7ta fikir al\u0131\u015fveri\u015finde bulunabilecekleri di\u011fer gen\u00e7 LGBT*I* ile ileti\u015fim kurar.<\/p>\n<p>Buras\u0131 LGBT*I* gibi gen\u00e7lik projelerinin bir arada oldu\u011fu yer. Gen\u00e7ler i\u00e7in bir \u0130rtibat ki\u015fisi olarak, onlar\u0131n \u00f6nerileri \u00f6\u011frenmelerine ve yeni ba\u011flant\u0131lar kurmalar\u0131na yard\u0131mc\u0131 olabilirsiniz. Size posterler ve bilgi materyalleri g\u00f6ndermekten memnuniyet duyar\u0131z.<\/p>\n<p>Sadece LGBT*I* gen\u00e7lik projeleri \u00fclke \u00e7ap\u0131nda mevcut olmad\u0131\u011f\u0131n\u0131 ve bu nedenle t\u00fcm gen\u00e7 LGBT*I* i\u00e7in uygun olmad\u0131\u011f\u0131 i\u00e7in de\u011fil, ayn\u0131 zamanda gen\u00e7 LGBT*I *&#8217;nin kabul edilmeye, ileti\u015fim kurulacak ki\u015filere ve her yerde deste\u011fe ihtiyac\u0131 oldu\u011fu i\u00e7in. Gen\u00e7lerin g\u00fcnl\u00fck ya\u015fam\u0131nda, Size ihtiyac\u0131 var!<br \/>\nGen\u00e7 LGBT*I*&#8217;in ya\u015fam durumlar\u0131 ve \u00f6zel zorluklar\u0131, Uzman Personeller i\u00e7in de genellikle ke\u015ffedilmemi\u015f alanlard\u0131r. Ne yaz\u0131k ki, konu genellikle ilk kez do\u011frudan bir krizle ortaya \u00e7\u0131k\u0131yor.<\/p>\n<p><a href=\"https:\/\/gerne-anders.de\/\">NRW Uzman tavsiyesi \u201cseve seve farkl\u0131l\u0131k!\u201d<\/a> Uzman Personeli destekler, fark\u0131ndal\u0131k yaratma ve cinsel ve cinsiyet \u00e7e\u015fitlili\u011fi konular\u0131nda ileri e\u011fitim yoluyla Uzman Personeller, gen\u00e7lik refah dairelerini ve ba\u011f\u0131ms\u0131z gen\u00e7lik refah kurulu\u015flar\u0131n\u0131 destekler. Kuzey Ren-Vestfalya eyaletinden sa\u011flanan fon sayesinde, teklif \u00fccretsizdir.<\/p>\n<p>&nbsp;<\/p>\n<p><img loading=\"lazy\" class=\"alignnone size-medium wp-image-1121\" style=\"cursor: pointer;\" src=\"https:\/\/together-virtuell.de\/wp-content\/uploads\/2021\/07\/gerne_anders_logo_final_rgb-scaled.jpg\" alt=\"\" width=\"300\" height=\"131\" srcset=\"https:\/\/together.dergoldbroiler.com\/wp-content\/uploads\/2021\/07\/gerne_anders_logo_final_rgb-scaled.jpg 2560w, https:\/\/together.dergoldbroiler.com\/wp-content\/uploads\/2021\/07\/gerne_anders_logo_final_rgb-300x131.jpg 300w, https:\/\/together.dergoldbroiler.com\/wp-content\/uploads\/2021\/07\/gerne_anders_logo_final_rgb-1024x446.jpg 1024w, https:\/\/together.dergoldbroiler.com\/wp-content\/uploads\/2021\/07\/gerne_anders_logo_final_rgb-768x334.jpg 768w, https:\/\/together.dergoldbroiler.com\/wp-content\/uploads\/2021\/07\/gerne_anders_logo_final_rgb-1536x669.jpg 1536w, https:\/\/together.dergoldbroiler.com\/wp-content\/uploads\/2021\/07\/gerne_anders_logo_final_rgb-2048x892.jpg 2048w, https:\/\/together.dergoldbroiler.com\/wp-content\/uploads\/2021\/07\/gerne_anders_logo_final_rgb-1320x575.jpg 1320w\" sizes=\"(max-width: 300px) 100vw, 300px\" \/> \u00a0 \u00a0 \u00a0\u00a0 \u00a0 \u00a0 \u00a0 \u00a0 \u00a0 \u00a0\u00a0 <img loading=\"lazy\" class=\"alignnone size-full wp-image-1524\" src=\"https:\/\/together-virtuell.de\/wp-content\/uploads\/2021\/09\/SCHLAU-Logo-Ruhr-RGB-150-286x120-1.png\" alt=\"\" width=\"286\" height=\"120\" \/><\/p>\n<h2>Okullar i\u00e7in bilgiler<\/h2>\n<p>Okul, t\u00fcm \u00e7ocuklar ve gen\u00e7ler i\u00e7in merkezi bir yer ve ya\u015fam alan\u0131d\u0131r. Burada gen\u00e7ler arkada\u015fl\u0131klar kurar ve s\u00fcrd\u00fcr\u00fcrler ve birlikte \u00e7ok zaman ge\u00e7irirler &#8211; s\u0131n\u0131fta, okul bah\u00e7esinde veya okul gezilerinde. Okul bir \u00e7ok gen\u00e7 LGBT*I*\u2019li i\u00e7in , \u00e7ok fazla marjinalle\u015fme ve ayr\u0131mc\u0131l\u0131k ya\u015fad\u0131klar\u0131ndan ya da korunmak i\u00e7in cinsel veya cinsel kimliklerini gizlemek i\u00e7in \u00e7ok fazla enerji harcamak zorunda kald\u0131klar\u0131ndan, engelli bir alan olarak g\u00f6r\u00fcrler.<br \/>\nOkullarda ve s\u0131n\u0131fta cinsiyet ve cinsel kimlik konular\u0131n\u0131n ele al\u0131nmas\u0131 veya cinsel \u00e7e\u015fitlili\u011fin do\u011fal olarak dikkate al\u0131nmas\u0131 hala \u00e7ok enderdir. Genellikle \u00d6\u011fretmenler, \u00f6rne\u011fin Lezbiyen, Gey, Bi, Trans* veya Inter* olarak etiketlenen \u00f6\u011frencilere y\u00f6nelik d\u00fc\u015fmanl\u0131\u011fa nas\u0131l tepki vereceklerinden emin de\u011fillerdir.<\/p>\n<p>SCHLAU&#8217;nun g\u00f6n\u00fcll\u00fc e\u011fitimcileri hem okul \u00e7a\u011f\u0131ndaki \u00e7ocuklar\u0131 hem de \u00f6\u011fretmenleri desteklemektedir. Onlar gen\u00e7 Lezbiyenler, Geyler, Biseks\u00fceller, Trans* ve\/veya Inter* e\u011fitim ve \u00f6\u011fretim deste\u011fi yoluyla e\u011fitici ve bilin\u00e7lendirme At\u00f6lyeleri d\u00fczenlemeye haz\u0131rland\u0131lar. Kapsaml\u0131 bir y\u00f6ntem da\u011farc\u0131\u011f\u0131n\u0131n ve kendi biyografilerinden \u00f6zg\u00fcn raporlar\u0131n yard\u0131m\u0131yla, \u00d6nyarg\u0131lar\u0131 y\u0131kmak ve kabul\u00fc te\u015fvik etmek i\u00e7in \u00f6nemli bir katk\u0131 sa\u011flarlar.<\/p>\n","protected":false},"excerpt":{"rendered":"<p>T\u00fcm olumlu geli\u015fmelere ra\u011fmen cinsel \u00f6nyarg\u0131lar (e\u015fcinsellere d\u00fc\u015fmanl\u0131k ve trans*\/heteronormativite) halen devam etmektedir; \u00f6zellikle hala istikrarl\u0131 bir kimlik veya akranlar\u0131n\u0131n tan\u0131nmas\u0131 i\u00e7in m\u00fccadele eden gen\u00e7 insanlar aras\u0131nda. Gen\u00e7 lezbiyenler, geyler, biseks\u00fceller, trans* ve inter*ler bunu her g\u00fcn ya\u015f\u0131yorlar: &#8220;gay&#8221; hala gen\u00e7ler aras\u0131nda en pop\u00fcler k\u00fcf\u00fcrd\u00fcr, gen\u00e7 trans* kendi tan\u0131mlar\u0131nda ciddiye al\u0131nmaz ve gen\u00e7 lezbiyenler bu [&hellip;]<\/p>\n","protected":false},"author":1,"featured_media":0,"parent":121,"menu_order":0,"comment_status":"closed","ping_status":"closed","template":"page-beratung.php","meta":[],"acf":[],"_links":{"self":[{"href":"https:\/\/together.dergoldbroiler.com\/tr\/wp-json\/wp\/v2\/pages\/397"}],"collection":[{"href":"https:\/\/together.dergoldbroiler.com\/tr\/wp-json\/wp\/v2\/pages"}],"about":[{"href":"https:\/\/together.dergoldbroiler.com\/tr\/wp-json\/wp\/v2\/types\/page"}],"author":[{"embeddable":true,"href":"https:\/\/together.dergoldbroiler.com\/tr\/wp-json\/wp\/v2\/users\/1"}],"replies":[{"embeddable":true,"href":"https:\/\/together.dergoldbroiler.com\/tr\/wp-json\/wp\/v2\/comments?post=397"}],"version-history":[{"count":11,"href":"https:\/\/together.dergoldbroiler.com\/tr\/wp-json\/wp\/v2\/pages\/397\/revisions"}],"predecessor-version":[{"id":2739,"href":"https:\/\/together.dergoldbroiler.com\/tr\/wp-json\/wp\/v2\/pages\/397\/revisions\/2739"}],"up":[{"embeddable":true,"href":"https:\/\/together.dergoldbroiler.com\/tr\/wp-json\/wp\/v2\/pages\/121"}],"wp:attachment":[{"href":"https:\/\/together.dergoldbroiler.com\/tr\/wp-json\/wp\/v2\/media?parent=397"}],"curies":[{"name":"wp","href":"https:\/\/api.w.org\/{rel}","templated":true}]}}