{"id":51,"date":"2020-09-22T08:54:58","date_gmt":"2020-09-22T06:54:58","guid":{"rendered":"http:\/\/comingout.dergoldbroiler.com\/?page_id=51"},"modified":"2022-08-05T10:25:34","modified_gmt":"2022-08-05T08:25:34","slug":"impressum","status":"publish","type":"page","link":"https:\/\/together.dergoldbroiler.com\/tr\/impressum\/","title":{"rendered":"Imprint"},"content":{"rendered":"<div><\/div>\n<div><\/div>\n<div class=\"page-header\">\n<div class=\"ecke\">SVLS e.V.<\/div>\n<div class=\"ecke\">Friedrichstra\u00dfe 20<\/div>\n<div class=\"ecke\">45468 M\u00fclheim an der Ruhr<\/div>\n<div class=\"ecke\">Tel.: 0208 \u2013 41 25 921<\/div>\n<div class=\"ecke\">Fax: 0208 \u2013 41 25 587<\/div>\n<div class=\"ecke\"><a href=\"http:\/\/www.svls.de\/\">www.svls.de<\/a> | <a href=\"mailto:info@svls.de\">info@svls.de<\/a><\/div>\n<\/div>\n<p>&nbsp;<\/p>\n<p>Essen B\u00f6lge Mahkemesi&#8217;nde kay\u0131tl\u0131, VR 4936<\/p>\n<p>Yetkili temsilci kurulu:<br \/>\nPatrick Huberty, Patrick Hopfinger ve Torsten Schrodt<\/p>\n<p>&nbsp;<\/p>\n<p>\u00a75 TMG \/ \u00a755 RStV&#8217;ye g\u00f6re sorumlu:<\/p>\n<p>Torsten Schrodt<\/p>\n<p>&nbsp;<\/p>\n","protected":false},"excerpt":{"rendered":"<p>SVLS e.V. Friedrichstra\u00dfe 20 45468 M\u00fclheim an der Ruhr Tel.: 0208 \u2013 41 25 921 Fax: 0208 \u2013 41 25 587 www.svls.de | info@svls.de &nbsp; Essen B\u00f6lge Mahkemesi&#8217;nde kay\u0131tl\u0131, VR 4936 Yetkili temsilci kurulu: Patrick Huberty, Patrick Hopfinger ve Torsten Schrodt &nbsp; \u00a75 TMG \/ \u00a755 RStV&#8217;ye g\u00f6re sorumlu: Torsten Schrodt &nbsp;<\/p>\n","protected":false},"author":1,"featured_media":0,"parent":0,"menu_order":0,"comment_status":"closed","ping_status":"closed","template":"","meta":[],"acf":[],"_links":{"self":[{"href":"https:\/\/together.dergoldbroiler.com\/tr\/wp-json\/wp\/v2\/pages\/51"}],"collection":[{"href":"https:\/\/together.dergoldbroiler.com\/tr\/wp-json\/wp\/v2\/pages"}],"about":[{"href":"https:\/\/together.dergoldbroiler.com\/tr\/wp-json\/wp\/v2\/types\/page"}],"author":[{"embeddable":true,"href":"https:\/\/together.dergoldbroiler.com\/tr\/wp-json\/wp\/v2\/users\/1"}],"replies":[{"embeddable":true,"href":"https:\/\/together.dergoldbroiler.com\/tr\/wp-json\/wp\/v2\/comments?post=51"}],"version-history":[{"count":10,"href":"https:\/\/together.dergoldbroiler.com\/tr\/wp-json\/wp\/v2\/pages\/51\/revisions"}],"predecessor-version":[{"id":2714,"href":"https:\/\/together.dergoldbroiler.com\/tr\/wp-json\/wp\/v2\/pages\/51\/revisions\/2714"}],"wp:attachment":[{"href":"https:\/\/together.dergoldbroiler.com\/tr\/wp-json\/wp\/v2\/media?parent=51"}],"curies":[{"name":"wp","href":"https:\/\/api.w.org\/{rel}","templated":true}]}}